{"id":464,"date":"2022-03-23T09:05:19","date_gmt":"2022-03-23T09:05:19","guid":{"rendered":"https:\/\/demo8.thuythu.com\/takco\/?page_id=464"},"modified":"2022-03-28T21:27:17","modified_gmt":"2022-03-28T21:27:17","slug":"trang-du-an","status":"publish","type":"page","link":"https:\/\/demo8.thuythu.com\/takco\/trang-du-an\/","title":{"rendered":"D\u1ef1 \u00e1n"},"content":{"rendered":"<p>Ph\u01b0\u01a1ng ch\u00e2m c\u1ee7a ch\u00fang t\u00f4i l\u00e0 &#8220;L\u00e0m h\u00e0i l\u00f2ng kh\u00e1ch h\u00e0ng v\u1edbi nh\u1eefng s\u1ea3n ph\u1ea9m, d\u1ecbch v\u1ee5 an to\u00e0n, \u0111\u00e1ng tin c\u1eady v\u00e0 \u0111\u1ea3m b\u1ea3o ch\u1ea5t l\u01b0\u1ee3ng&#8221;<\/p>\n","protected":false},"excerpt":{"rendered":"<p>Ph\u01b0\u01a1ng ch\u00e2m c\u1ee7a ch\u00fang t\u00f4i l\u00e0 &#8220;L\u00e0m h\u00e0i l\u00f2ng kh\u00e1ch h\u00e0ng v\u1edbi nh\u1eefng s\u1ea3n ph\u1ea9m, d\u1ecbch v\u1ee5 an to\u00e0n, \u0111\u00e1ng tin c\u1eady v\u00e0 \u0111\u1ea3m b\u1ea3o ch\u1ea5t l\u01b0\u1ee3ng&#8221;<\/p>\n","protected":false},"author":1,"featured_media":0,"parent":0,"menu_order":0,"comment_status":"closed","ping_status":"closed","template":"templates\/project.php","meta":{"footnotes":""},"acf":[],"_links":{"self":[{"href":"https:\/\/demo8.thuythu.com\/takco\/wp-json\/wp\/v2\/pages\/464"}],"collection":[{"href":"https:\/\/demo8.thuythu.com\/takco\/wp-json\/wp\/v2\/pages"}],"about":[{"href":"https:\/\/demo8.thuythu.com\/takco\/wp-json\/wp\/v2\/types\/page"}],"author":[{"embeddable":true,"href":"https:\/\/demo8.thuythu.com\/takco\/wp-json\/wp\/v2\/users\/1"}],"replies":[{"embeddable":true,"href":"https:\/\/demo8.thuythu.com\/takco\/wp-json\/wp\/v2\/comments?post=464"}],"version-history":[{"count":2,"href":"https:\/\/demo8.thuythu.com\/takco\/wp-json\/wp\/v2\/pages\/464\/revisions"}],"predecessor-version":[{"id":467,"href":"https:\/\/demo8.thuythu.com\/takco\/wp-json\/wp\/v2\/pages\/464\/revisions\/467"}],"wp:attachment":[{"href":"https:\/\/demo8.thuythu.com\/takco\/wp-json\/wp\/v2\/media?parent=464"}],"curies":[{"name":"wp","href":"https:\/\/api.w.org\/{rel}","templated":true}]}}