{"id":528,"date":"2022-03-24T09:26:26","date_gmt":"2022-03-24T09:26:26","guid":{"rendered":"https:\/\/demo8.thuythu.com\/takco\/?page_id=528"},"modified":"2022-03-24T09:27:01","modified_gmt":"2022-03-24T09:27:01","slug":"linh-vuc-hoat-dong","status":"publish","type":"page","link":"https:\/\/demo8.thuythu.com\/takco\/linh-vuc-hoat-dong\/","title":{"rendered":"L\u0129nh v\u1ef1c ho\u1ea1t \u0111\u1ed9ng"},"content":{"rendered":"<p>Ph\u01b0\u01a1ng ch\u00e2m c\u1ee7a ch\u00fang t\u00f4i l\u00e0 &#8220;L\u00e0m h\u00e0i l\u00f2ng kh\u00e1ch h\u00e0ng v\u1edbi nh\u1eefng s\u1ea3n ph\u1ea9m, d\u1ecbch v\u1ee5 an to\u00e0n, \u0111\u00e1ng tin c\u1eady v\u00e0 \u0111\u1ea3m b\u1ea3o ch\u1ea5t l\u01b0\u1ee3ng&#8221;<\/p>\n","protected":false},"excerpt":{"rendered":"<p>Ph\u01b0\u01a1ng ch\u00e2m c\u1ee7a ch\u00fang t\u00f4i l\u00e0 &#8220;L\u00e0m h\u00e0i l\u00f2ng kh\u00e1ch h\u00e0ng v\u1edbi nh\u1eefng s\u1ea3n ph\u1ea9m, d\u1ecbch v\u1ee5 an to\u00e0n, \u0111\u00e1ng tin c\u1eady v\u00e0 \u0111\u1ea3m b\u1ea3o ch\u1ea5t l\u01b0\u1ee3ng&#8221;<\/p>\n","protected":false},"author":1,"featured_media":0,"parent":0,"menu_order":0,"comment_status":"closed","ping_status":"closed","template":"templates\/linh_vuc_hoat_dong.php","meta":{"footnotes":""},"acf":[],"_links":{"self":[{"href":"https:\/\/demo8.thuythu.com\/takco\/wp-json\/wp\/v2\/pages\/528"}],"collection":[{"href":"https:\/\/demo8.thuythu.com\/takco\/wp-json\/wp\/v2\/pages"}],"about":[{"href":"https:\/\/demo8.thuythu.com\/takco\/wp-json\/wp\/v2\/types\/page"}],"author":[{"embeddable":true,"href":"https:\/\/demo8.thuythu.com\/takco\/wp-json\/wp\/v2\/users\/1"}],"replies":[{"embeddable":true,"href":"https:\/\/demo8.thuythu.com\/takco\/wp-json\/wp\/v2\/comments?post=528"}],"version-history":[{"count":2,"href":"https:\/\/demo8.thuythu.com\/takco\/wp-json\/wp\/v2\/pages\/528\/revisions"}],"predecessor-version":[{"id":530,"href":"https:\/\/demo8.thuythu.com\/takco\/wp-json\/wp\/v2\/pages\/528\/revisions\/530"}],"wp:attachment":[{"href":"https:\/\/demo8.thuythu.com\/takco\/wp-json\/wp\/v2\/media?parent=528"}],"curies":[{"name":"wp","href":"https:\/\/api.w.org\/{rel}","templated":true}]}}