{"id":535,"date":"2022-03-27T02:56:35","date_gmt":"2022-03-27T02:56:35","guid":{"rendered":"https:\/\/demo8.thuythu.com\/takco\/?page_id=535"},"modified":"2022-03-27T02:56:35","modified_gmt":"2022-03-27T02:56:35","slug":"quan-he-co-dong","status":"publish","type":"page","link":"https:\/\/demo8.thuythu.com\/takco\/quan-he-co-dong\/","title":{"rendered":"Quan h\u1ec7 c\u1ed5 \u0111\u00f4ng"},"content":{"rendered":"<p>Ch\u00fang t\u00f4i h\u01b0\u1edbng t\u1edbi s\u1ef1 ph\u00e1t tri\u1ec3n b\u1ec1n v\u1eefng, \u0111\u00f4i b\u00ean \u0111\u1ec1u c\u00f3 l\u1ee3i v\u00e0 ph\u00e1t huy t\u1ed1i \u0111a th\u1ebf m\u1ea1nh c\u1ee7a c\u00e1c b\u00ean h\u1ee3p t\u00e1c theo h\u01b0\u1edbng chuy\u00ean bi\u1ec7t v\u00e0 chuy\u00ean nghi\u1ec7p.<\/p>\n","protected":false},"excerpt":{"rendered":"<p>Ch\u00fang t\u00f4i h\u01b0\u1edbng t\u1edbi s\u1ef1 ph\u00e1t tri\u1ec3n b\u1ec1n v\u1eefng, \u0111\u00f4i b\u00ean \u0111\u1ec1u c\u00f3 l\u1ee3i v\u00e0 ph\u00e1t huy t\u1ed1i \u0111a th\u1ebf m\u1ea1nh c\u1ee7a c\u00e1c b\u00ean h\u1ee3p t\u00e1c theo h\u01b0\u1edbng chuy\u00ean bi\u1ec7t v\u00e0 chuy\u00ean nghi\u1ec7p.<\/p>\n","protected":false},"author":1,"featured_media":0,"parent":0,"menu_order":0,"comment_status":"closed","ping_status":"closed","template":"templates\/quan-he-co-dong.php","meta":{"footnotes":""},"acf":[],"_links":{"self":[{"href":"https:\/\/demo8.thuythu.com\/takco\/wp-json\/wp\/v2\/pages\/535"}],"collection":[{"href":"https:\/\/demo8.thuythu.com\/takco\/wp-json\/wp\/v2\/pages"}],"about":[{"href":"https:\/\/demo8.thuythu.com\/takco\/wp-json\/wp\/v2\/types\/page"}],"author":[{"embeddable":true,"href":"https:\/\/demo8.thuythu.com\/takco\/wp-json\/wp\/v2\/users\/1"}],"replies":[{"embeddable":true,"href":"https:\/\/demo8.thuythu.com\/takco\/wp-json\/wp\/v2\/comments?post=535"}],"version-history":[{"count":1,"href":"https:\/\/demo8.thuythu.com\/takco\/wp-json\/wp\/v2\/pages\/535\/revisions"}],"predecessor-version":[{"id":538,"href":"https:\/\/demo8.thuythu.com\/takco\/wp-json\/wp\/v2\/pages\/535\/revisions\/538"}],"wp:attachment":[{"href":"https:\/\/demo8.thuythu.com\/takco\/wp-json\/wp\/v2\/media?parent=535"}],"curies":[{"name":"wp","href":"https:\/\/api.w.org\/{rel}","templated":true}]}}