{"id":628,"date":"2022-03-27T06:07:48","date_gmt":"2022-03-27T06:07:48","guid":{"rendered":"https:\/\/demo8.thuythu.com\/takco\/?page_id=628"},"modified":"2022-03-27T06:10:12","modified_gmt":"2022-03-27T06:10:12","slug":"trach-nhiem-xa-hoi","status":"publish","type":"page","link":"https:\/\/demo8.thuythu.com\/takco\/trach-nhiem-xa-hoi\/","title":{"rendered":"Tr\u00e1ch nhi\u1ec7m x\u00e3 h\u1ed9i"},"content":{"rendered":"<p>Theo \u0111u\u1ed5i tri\u1ebft l\u00fd Nh\u00e2n b\u1ea3n v\u00e0 \u0111\u1ec1 cao gi\u00e1 tr\u1ecb Con Ng\u01b0\u1eddi v\u00e0 M\u00f4i Tr\u01b0\u1eddng, Takco \u0111\u1ec1 cao tr\u00e1ch nhi\u1ec7m x\u00e3 h\u1ed9i, duy tr\u00ec c\u00e1c ho\u1ea1t \u0111\u1ed9ng nh\u1eb1m \u0111\u00f3ng g\u00f3p nh\u1eefng gi\u00e1 tr\u1ecb t\u1ed1t \u0111\u1eb9p v\u00e0 chia s\u1ebb v\u1edbi c\u1ed9ng \u0111\u1ed3ng.<\/p>\n","protected":false},"excerpt":{"rendered":"<p>Theo \u0111u\u1ed5i tri\u1ebft l\u00fd Nh\u00e2n b\u1ea3n v\u00e0 \u0111\u1ec1 cao gi\u00e1 tr\u1ecb Con Ng\u01b0\u1eddi v\u00e0 M\u00f4i Tr\u01b0\u1eddng, Takco \u0111\u1ec1 cao tr\u00e1ch nhi\u1ec7m x\u00e3 h\u1ed9i, duy tr\u00ec c\u00e1c ho\u1ea1t \u0111\u1ed9ng nh\u1eb1m \u0111\u00f3ng g\u00f3p nh\u1eefng gi\u00e1 tr\u1ecb t\u1ed1t \u0111\u1eb9p v\u00e0 chia s\u1ebb v\u1edbi c\u1ed9ng \u0111\u1ed3ng.<\/p>\n","protected":false},"author":1,"featured_media":0,"parent":0,"menu_order":0,"comment_status":"closed","ping_status":"closed","template":"templates\/trach-nhiem-xa-hoi.php","meta":{"footnotes":""},"acf":[],"_links":{"self":[{"href":"https:\/\/demo8.thuythu.com\/takco\/wp-json\/wp\/v2\/pages\/628"}],"collection":[{"href":"https:\/\/demo8.thuythu.com\/takco\/wp-json\/wp\/v2\/pages"}],"about":[{"href":"https:\/\/demo8.thuythu.com\/takco\/wp-json\/wp\/v2\/types\/page"}],"author":[{"embeddable":true,"href":"https:\/\/demo8.thuythu.com\/takco\/wp-json\/wp\/v2\/users\/1"}],"replies":[{"embeddable":true,"href":"https:\/\/demo8.thuythu.com\/takco\/wp-json\/wp\/v2\/comments?post=628"}],"version-history":[{"count":2,"href":"https:\/\/demo8.thuythu.com\/takco\/wp-json\/wp\/v2\/pages\/628\/revisions"}],"predecessor-version":[{"id":632,"href":"https:\/\/demo8.thuythu.com\/takco\/wp-json\/wp\/v2\/pages\/628\/revisions\/632"}],"wp:attachment":[{"href":"https:\/\/demo8.thuythu.com\/takco\/wp-json\/wp\/v2\/media?parent=628"}],"curies":[{"name":"wp","href":"https:\/\/api.w.org\/{rel}","templated":true}]}}