{"id":8291,"date":"2022-07-03T14:57:11","date_gmt":"2022-07-03T14:57:11","guid":{"rendered":"https:\/\/demo8.thuythu.com\/thaco\/trang-chu\/"},"modified":"2023-04-20T05:03:51","modified_gmt":"2023-04-20T05:03:51","slug":"trang-chu","status":"publish","type":"page","link":"https:\/\/demo8.thuythu.com\/thaco\/en\/","title":{"rendered":"Home"},"content":{"rendered":"","protected":false},"excerpt":{"rendered":"","protected":false},"author":1,"featured_media":1756,"parent":0,"menu_order":0,"comment_status":"closed","ping_status":"closed","template":"templates\/home.php","meta":[],"acf":[],"yoast_head":"<!-- This site is optimized with the Yoast SEO plugin v19.3 - https:\/\/yoast.com\/wordpress\/plugins\/seo\/ -->\n<title>Home<\/title>\n<meta name=\"description\" content=\"THACO Industries \u0111\u00e3 \u0111\u1ea7u t\u01b0 17 c\u00f4ng ty, \u0111\u01a1n v\u1ecb tr\u1ef1c thu\u1ed9c v\u1edbi t\u1ed5ng v\u1ed1n \u0111\u1ea7u t\u01b0 h\u01a1n 525 tri\u1ec7u USD v\u00e0 5.500 nh\u00e2n s\u1ef1...\" \/>\n<meta name=\"robots\" content=\"noindex, follow, max-snippet:-1, max-image-preview:large, max-video-preview:-1\" \/>\n<meta property=\"og:locale\" content=\"en_US\" \/>\n<meta property=\"og:type\" content=\"article\" \/>\n<meta property=\"og:title\" content=\"Home\" \/>\n<meta property=\"og:description\" content=\"THACO Industries \u0111\u00e3 \u0111\u1ea7u t\u01b0 17 c\u00f4ng ty, \u0111\u01a1n v\u1ecb tr\u1ef1c thu\u1ed9c v\u1edbi t\u1ed5ng v\u1ed1n \u0111\u1ea7u t\u01b0 h\u01a1n 525 tri\u1ec7u USD v\u00e0 5.500 nh\u00e2n s\u1ef1...\" \/>\n<meta property=\"og:url\" content=\"https:\/\/demo8.thuythu.com\/thaco\/en\/\" \/>\n<meta property=\"og:site_name\" content=\"Company Name\" \/>\n<meta property=\"article:modified_time\" content=\"2023-04-20T05:03:51+00:00\" \/>\n<meta property=\"og:image\" content=\"https:\/\/demo8.thuythu.com\/thaco\/wp-content\/uploads\/2022\/08\/tong-quan-thaco-industries-scaled.jpg\" \/>\n\t<meta property=\"og:image:width\" content=\"2560\" \/>\n\t<meta property=\"og:image:height\" content=\"885\" \/>\n\t<meta property=\"og:image:type\" content=\"image\/jpeg\" \/>\n<meta name=\"twitter:card\" content=\"summary_large_image\" \/>\n<script type=\"application\/ld+json\" class=\"yoast-schema-graph\">{\"@context\":\"https:\/\/schema.org\",\"@graph\":[{\"@type\":\"Organization\",\"@id\":\"https:\/\/demo8.thuythu.com\/thaco\/#organization\",\"name\":\"Company Name\",\"url\":\"https:\/\/demo8.thuythu.com\/thaco\/\",\"sameAs\":[],\"logo\":{\"@type\":\"ImageObject\",\"inLanguage\":\"en\",\"@id\":\"https:\/\/demo8.thuythu.com\/thaco\/#\/schema\/logo\/image\/\",\"url\":\"https:\/\/demo8.thuythu.com\/thaco\/wp-content\/uploads\/2023\/02\/LOGO.png\",\"contentUrl\":\"https:\/\/demo8.thuythu.com\/thaco\/wp-content\/uploads\/2023\/02\/LOGO.png\",\"width\":647,\"height\":162,\"caption\":\"Company Name\"},\"image\":{\"@id\":\"https:\/\/demo8.thuythu.com\/thaco\/#\/schema\/logo\/image\/\"}},{\"@type\":\"WebSite\",\"@id\":\"https:\/\/demo8.thuythu.com\/thaco\/#website\",\"url\":\"https:\/\/demo8.thuythu.com\/thaco\/\",\"name\":\"Company Name\",\"description\":\"\",\"publisher\":{\"@id\":\"https:\/\/demo8.thuythu.com\/thaco\/#organization\"},\"potentialAction\":[{\"@type\":\"SearchAction\",\"target\":{\"@type\":\"EntryPoint\",\"urlTemplate\":\"https:\/\/demo8.thuythu.com\/thaco\/?s={search_term_string}\"},\"query-input\":\"required name=search_term_string\"}],\"inLanguage\":\"en\"},{\"@type\":\"ImageObject\",\"inLanguage\":\"en\",\"@id\":\"https:\/\/demo8.thuythu.com\/thaco\/en\/#primaryimage\",\"url\":\"https:\/\/demo8.thuythu.com\/thaco\/wp-content\/uploads\/2022\/08\/tong-quan-thaco-industries-scaled.jpg\",\"contentUrl\":\"https:\/\/demo8.thuythu.com\/thaco\/wp-content\/uploads\/2022\/08\/tong-quan-thaco-industries-scaled.jpg\",\"width\":2560,\"height\":885,\"caption\":\"default\"},{\"@type\":\"WebPage\",\"@id\":\"https:\/\/demo8.thuythu.com\/thaco\/en\/\",\"url\":\"https:\/\/demo8.thuythu.com\/thaco\/en\/\",\"name\":\"Home\",\"isPartOf\":{\"@id\":\"https:\/\/demo8.thuythu.com\/thaco\/#website\"},\"primaryImageOfPage\":{\"@id\":\"https:\/\/demo8.thuythu.com\/thaco\/en\/#primaryimage\"},\"datePublished\":\"2022-07-03T14:57:11+00:00\",\"dateModified\":\"2023-04-20T05:03:51+00:00\",\"description\":\"THACO Industries \u0111\u00e3 \u0111\u1ea7u t\u01b0 17 c\u00f4ng ty, \u0111\u01a1n v\u1ecb tr\u1ef1c thu\u1ed9c v\u1edbi t\u1ed5ng v\u1ed1n \u0111\u1ea7u t\u01b0 h\u01a1n 525 tri\u1ec7u USD v\u00e0 5.500 nh\u00e2n s\u1ef1...\",\"breadcrumb\":{\"@id\":\"https:\/\/demo8.thuythu.com\/thaco\/en\/#breadcrumb\"},\"inLanguage\":\"en\",\"potentialAction\":[{\"@type\":\"ReadAction\",\"target\":[\"https:\/\/demo8.thuythu.com\/thaco\/en\/\"]}]},{\"@type\":\"BreadcrumbList\",\"@id\":\"https:\/\/demo8.thuythu.com\/thaco\/en\/#breadcrumb\",\"itemListElement\":[{\"@type\":\"ListItem\",\"position\":1,\"name\":\"Home\",\"item\":\"https:\/\/demo8.thuythu.com\/thaco\/en\/\"},{\"@type\":\"ListItem\",\"position\":2,\"name\":\"Home\"}]}]}<\/script>\n<!-- \/ Yoast SEO plugin. -->","yoast_head_json":{"title":"Home","description":"THACO Industries \u0111\u00e3 \u0111\u1ea7u t\u01b0 17 c\u00f4ng ty, \u0111\u01a1n v\u1ecb tr\u1ef1c thu\u1ed9c v\u1edbi t\u1ed5ng v\u1ed1n \u0111\u1ea7u t\u01b0 h\u01a1n 525 tri\u1ec7u USD v\u00e0 5.500 nh\u00e2n s\u1ef1...","robots":{"index":"noindex","follow":"follow","max-snippet":"max-snippet:-1","max-image-preview":"max-image-preview:large","max-video-preview":"max-video-preview:-1"},"og_locale":"en_US","og_type":"article","og_title":"Home","og_description":"THACO Industries \u0111\u00e3 \u0111\u1ea7u t\u01b0 17 c\u00f4ng ty, \u0111\u01a1n v\u1ecb tr\u1ef1c thu\u1ed9c v\u1edbi t\u1ed5ng v\u1ed1n \u0111\u1ea7u t\u01b0 h\u01a1n 525 tri\u1ec7u USD v\u00e0 5.500 nh\u00e2n s\u1ef1...","og_url":"https:\/\/demo8.thuythu.com\/thaco\/en\/","og_site_name":"Company Name","article_modified_time":"2023-04-20T05:03:51+00:00","og_image":[{"width":2560,"height":885,"url":"https:\/\/demo8.thuythu.com\/thaco\/wp-content\/uploads\/2022\/08\/tong-quan-thaco-industries-scaled.jpg","type":"image\/jpeg"}],"twitter_card":"summary_large_image","schema":{"@context":"https:\/\/schema.org","@graph":[{"@type":"Organization","@id":"https:\/\/demo8.thuythu.com\/thaco\/#organization","name":"Company Name","url":"https:\/\/demo8.thuythu.com\/thaco\/","sameAs":[],"logo":{"@type":"ImageObject","inLanguage":"en","@id":"https:\/\/demo8.thuythu.com\/thaco\/#\/schema\/logo\/image\/","url":"https:\/\/demo8.thuythu.com\/thaco\/wp-content\/uploads\/2023\/02\/LOGO.png","contentUrl":"https:\/\/demo8.thuythu.com\/thaco\/wp-content\/uploads\/2023\/02\/LOGO.png","width":647,"height":162,"caption":"Company Name"},"image":{"@id":"https:\/\/demo8.thuythu.com\/thaco\/#\/schema\/logo\/image\/"}},{"@type":"WebSite","@id":"https:\/\/demo8.thuythu.com\/thaco\/#website","url":"https:\/\/demo8.thuythu.com\/thaco\/","name":"Company Name","description":"","publisher":{"@id":"https:\/\/demo8.thuythu.com\/thaco\/#organization"},"potentialAction":[{"@type":"SearchAction","target":{"@type":"EntryPoint","urlTemplate":"https:\/\/demo8.thuythu.com\/thaco\/?s={search_term_string}"},"query-input":"required name=search_term_string"}],"inLanguage":"en"},{"@type":"ImageObject","inLanguage":"en","@id":"https:\/\/demo8.thuythu.com\/thaco\/en\/#primaryimage","url":"https:\/\/demo8.thuythu.com\/thaco\/wp-content\/uploads\/2022\/08\/tong-quan-thaco-industries-scaled.jpg","contentUrl":"https:\/\/demo8.thuythu.com\/thaco\/wp-content\/uploads\/2022\/08\/tong-quan-thaco-industries-scaled.jpg","width":2560,"height":885,"caption":"default"},{"@type":"WebPage","@id":"https:\/\/demo8.thuythu.com\/thaco\/en\/","url":"https:\/\/demo8.thuythu.com\/thaco\/en\/","name":"Home","isPartOf":{"@id":"https:\/\/demo8.thuythu.com\/thaco\/#website"},"primaryImageOfPage":{"@id":"https:\/\/demo8.thuythu.com\/thaco\/en\/#primaryimage"},"datePublished":"2022-07-03T14:57:11+00:00","dateModified":"2023-04-20T05:03:51+00:00","description":"THACO Industries \u0111\u00e3 \u0111\u1ea7u t\u01b0 17 c\u00f4ng ty, \u0111\u01a1n v\u1ecb tr\u1ef1c thu\u1ed9c v\u1edbi t\u1ed5ng v\u1ed1n \u0111\u1ea7u t\u01b0 h\u01a1n 525 tri\u1ec7u USD v\u00e0 5.500 nh\u00e2n s\u1ef1...","breadcrumb":{"@id":"https:\/\/demo8.thuythu.com\/thaco\/en\/#breadcrumb"},"inLanguage":"en","potentialAction":[{"@type":"ReadAction","target":["https:\/\/demo8.thuythu.com\/thaco\/en\/"]}]},{"@type":"BreadcrumbList","@id":"https:\/\/demo8.thuythu.com\/thaco\/en\/#breadcrumb","itemListElement":[{"@type":"ListItem","position":1,"name":"Home","item":"https:\/\/demo8.thuythu.com\/thaco\/en\/"},{"@type":"ListItem","position":2,"name":"Home"}]}]}},"_links":{"self":[{"href":"https:\/\/demo8.thuythu.com\/thaco\/en\/wp-json\/wp\/v2\/pages\/8291"}],"collection":[{"href":"https:\/\/demo8.thuythu.com\/thaco\/en\/wp-json\/wp\/v2\/pages"}],"about":[{"href":"https:\/\/demo8.thuythu.com\/thaco\/en\/wp-json\/wp\/v2\/types\/page"}],"author":[{"embeddable":true,"href":"https:\/\/demo8.thuythu.com\/thaco\/en\/wp-json\/wp\/v2\/users\/1"}],"replies":[{"embeddable":true,"href":"https:\/\/demo8.thuythu.com\/thaco\/en\/wp-json\/wp\/v2\/comments?post=8291"}],"version-history":[{"count":10,"href":"https:\/\/demo8.thuythu.com\/thaco\/en\/wp-json\/wp\/v2\/pages\/8291\/revisions"}],"predecessor-version":[{"id":8389,"href":"https:\/\/demo8.thuythu.com\/thaco\/en\/wp-json\/wp\/v2\/pages\/8291\/revisions\/8389"}],"wp:featuredmedia":[{"embeddable":true,"href":"https:\/\/demo8.thuythu.com\/thaco\/en\/wp-json\/wp\/v2\/media\/1756"}],"wp:attachment":[{"href":"https:\/\/demo8.thuythu.com\/thaco\/en\/wp-json\/wp\/v2\/media?parent=8291"}],"curies":[{"name":"wp","href":"https:\/\/api.w.org\/{rel}","templated":true}]}}