{"id":997,"date":"2022-07-26T06:52:31","date_gmt":"2022-07-26T06:52:31","guid":{"rendered":"https:\/\/demo1.thuythu.vn\/thaco\/?page_id=997"},"modified":"2022-09-21T06:44:12","modified_gmt":"2022-09-21T06:44:12","slug":"chinh-sach","status":"publish","type":"page","link":"https:\/\/demo8.thuythu.com\/thaco\/chinh-sach\/","title":{"rendered":"Ch\u00ednh s\u00e1ch b\u1ea3o m\u1eadt"},"content":{"rendered":"<p><span style=\"font-weight: 400;\">C\u00f4ng ty TNHH C\u01a1 kh\u00ed &amp; CNHT Tr\u01b0\u1eddng H\u1ea3i (THACO INDUSTRIES) cam k\u1ebft s\u1ebd b\u1ea3o m\u1eadt nh\u1eefng th\u00f4ng tin mang t\u00ednh ri\u00eang t\u01b0 c\u1ee7a kh\u00e1ch h\u00e0ng. Qu\u00fd kh\u00e1ch vui l\u00f2ng \u0111\u1ecdc b\u1ea3n \u201cCh\u00ednh s\u00e1ch b\u1ea3o m\u1eadt th\u00f4ng tin\u201d d\u01b0\u1edbi \u0111\u00e2y \u0111\u1ec3 hi\u1ec3u h\u01a1n nh\u1eefng cam k\u1ebft m\u00e0 ch\u00fang t\u00f4i th\u1ef1c hi\u1ec7n, nh\u1eb1m t\u00f4n tr\u1ecdng v\u00e0 b\u1ea3o v\u1ec7 quy\u1ec1n l\u1ee3i c\u1ee7a ng\u01b0\u1eddi truy c\u1eadp:<\/span><\/p>\n<p><strong>\u00a01. THU TH\u1eacP TH\u00d4NG TIN C\u00c1 NH\u00c2N<\/strong><\/p>\n<p><span style=\"font-weight: 400;\">C\u00e1c th\u00f4ng tin thu th\u1eadp th\u00f4ng qua website thacoindustries.vn s\u1ebd gi\u00fap ch\u00fang t\u00f4i:<\/span><\/p>\n<ul>\n<li>Gi\u1ea3i \u0111\u00e1p th\u1eafc m\u1eafc kh\u00e1ch h\u00e0ng<\/li>\n<li>Cung c\u1ea5p cho b\u1ea1n th\u00f4ng tin, tin t\u1ee9c m\u1edbi nh\u1ea5t v\u1ec1 T\u1eadp \u0111o\u00e0n ch\u00fang t\u00f4i<\/li>\n<li>Xem x\u00e9t v\u00e0 n\u00e2ng c\u1ea5p n\u1ed9i dung v\u00e0 giao di\u1ec7n c\u1ee7a Website<\/li>\n<li>Th\u1ef1c hi\u1ec7n c\u00e1c ho\u1ea1t \u0111\u1ed9ng qu\u1ea3ng b\u00e1 li\u00ean quan \u0111\u1ebfn c\u00e1c s\u1ea3n ph\u1ea9m v\u00e0 d\u1ecbch v\u1ee5 c\u1ee7a THACO <span style=\"font-weight: 400;\">INDUSTRIES<\/span><\/li>\n<\/ul>\n<p><strong>\u00a02. S\u1eec D\u1ee4NG TH\u00d4NG TIN C\u00c1 NH\u00c2N<\/strong><\/p>\n<p><span style=\"font-weight: 400;\">THACO INDUSTRIES thu th\u1eadp v\u00e0 s\u1eed d\u1ee5ng th\u00f4ng tin c\u00e1 nh\u00e2n qu\u00fd kh\u00e1ch v\u1edbi m\u1ee5c \u0111\u00edch ph\u00f9 h\u1ee3p v\u00e0 ho\u00e0n to\u00e0n tu\u00e2n th\u1ee7 n\u1ed9i dung c\u1ee7a \u201cCh\u00ednh s\u00e1ch b\u1ea3o m\u1eadt th\u00f4ng tin\u201d n\u00e0y.<\/span><\/p>\n<p><span style=\"font-weight: 400;\">Khi c\u1ea7n thi\u1ebft, ch\u00fang t\u00f4i c\u00f3 th\u1ec3 s\u1eed d\u1ee5ng nh\u1eefng th\u00f4ng tin n\u00e0y \u0111\u1ec3 li\u00ean h\u1ec7 tr\u1ef1c ti\u1ebfp v\u1edbi b\u1ea1n d\u01b0\u1edbi c\u00e1c h\u00ecnh th\u1ee9c nh\u01b0: g\u1eedi th\u01b0 ng\u1ecf, th\u01b0 c\u1ea3m \u01a1n, th\u00f4ng tin v\u1ec1 c\u00e1c s\u1ef1 ki\u1ec7n s\u1eafp t\u1edbi c\u1ee7a ch\u00fang t\u00f4i.<\/span><\/p>\n<p><strong>\u00a03. CHIA S\u1eba TH\u00d4NG TIN C\u00c1 NH\u00c2N<\/strong><\/p>\n<p><span style=\"font-weight: 400;\">Ngo\u1ea1i tr\u1eeb c\u00e1c tr\u01b0\u1eddng h\u1ee3p v\u1ec1 S\u1eed d\u1ee5ng th\u00f4ng tin c\u00e1 nh\u00e2n nh\u01b0 \u0111\u00e3 n\u00eau trong ch\u00ednh s\u00e1ch n\u00e0y, ch\u00fang t\u00f4i cam k\u1ebft s\u1ebd kh\u00f4ng ti\u1ebft l\u1ed9 th\u00f4ng tin c\u00e1 nh\u00e2n qu\u00fd kh\u00e1ch ra ngo\u00e0i.<\/span><\/p>\n<p><span style=\"font-weight: 400;\">Ch\u00fang t\u00f4i c\u00f3 th\u1ec3 ti\u1ebft l\u1ed9 ho\u1eb7c cung c\u1ea5p th\u00f4ng tin c\u00e1 nh\u00e2n c\u1ee7a b\u1ea1n trong c\u00e1c tr\u01b0\u1eddng h\u1ee3p th\u1eadt s\u1ef1 c\u1ea7n thi\u1ebft nh\u01b0 sau: (a) khi c\u00f3 y\u00eau c\u1ea7u c\u1ee7a c\u00e1c c\u01a1 quan ph\u00e1p lu\u1eadt; (b) trong tr\u01b0\u1eddng h\u1ee3p m\u00e0 ch\u00fang t\u00f4i tin r\u1eb1ng \u0111i\u1ec1u \u0111\u00f3 s\u1ebd gi\u00fap ch\u00fang t\u00f4i b\u1ea3o v\u1ec7 quy\u1ec1n l\u1ee3i ch\u00ednh \u0111\u00e1ng c\u1ee7a m\u00ecnh tr\u01b0\u1edbc ph\u00e1p lu\u1eadt; (c) t\u00ecnh hu\u1ed1ng kh\u1ea9n c\u1ea5p v\u00e0 c\u1ea7n thi\u1ebft \u0111\u1ec3 b\u1ea3o v\u1ec7 quy\u1ec1n an to\u00e0n c\u00e1 nh\u00e2n c\u1ee7a c\u00e1c th\u00e0nh vi\u00ean thacoindustries.vn kh\u00e1c.<\/span><\/p>\n<p><span style=\"font-weight: 400;\">\u00a0<strong>4. <\/strong><\/span><strong>B\u1ea2O M\u1eacT TH\u00d4NG TIN C\u00c1 NH\u00c2N<\/strong><\/p>\n<p><span style=\"font-weight: 400;\">Khi b\u1ea1n g\u1eedi th\u00f4ng tin c\u00e1 nh\u00e2n c\u1ee7a b\u1ea1n cho ch\u00fang t\u00f4i, b\u1ea1n \u0111\u00e3 \u0111\u1ed3ng \u00fd v\u1edbi c\u00e1c \u0111i\u1ec1u kho\u1ea3n m\u00e0 ch\u00fang t\u00f4i \u0111\u00e3 n\u00eau \u1edf tr\u00ean, thacoindustries.vn cam k\u1ebft b\u1ea3o m\u1eadt th\u00f4ng tin c\u00e1 nh\u00e2n c\u1ee7a qu\u00fd kh\u00e1ch b\u1eb1ng m\u1ecdi c\u00e1ch th\u1ee9c c\u00f3 th\u1ec3.<\/span><\/p>\n<p><span style=\"font-weight: 400;\">Tuy nhi\u00ean do h\u1ea1n ch\u1ebf v\u1ec1 m\u1eb7t k\u1ef9 thu\u1eadt, kh\u00f4ng m\u1ed9t d\u1eef li\u1ec7u n\u00e0o c\u00f3 th\u1ec3 \u0111\u01b0\u1ee3c truy\u1ec1n tr\u00ean \u0111\u01b0\u1eddng truy\u1ec1n internet m\u00e0 c\u00f3 th\u1ec3 \u0111\u01b0\u1ee3c b\u1ea3o m\u1eadt 100%. Do v\u1eady, ch\u00fang t\u00f4i kh\u00f4ng th\u1ec3 \u0111\u01b0a ra m\u1ed9t cam k\u1ebft ch\u1eafc ch\u1eafn r\u1eb1ng th\u00f4ng tin qu\u00fd kh\u00e1ch cung c\u1ea5p cho ch\u00fang t\u00f4i s\u1ebd \u0111\u01b0\u1ee3c b\u1ea3o m\u1eadt m\u1ed9t c\u00e1ch tuy\u1ec7t \u0111\u1ed1i an to\u00e0n, v\u00e0 ch\u00fang t\u00f4i kh\u00f4ng th\u1ec3 ch\u1ecbu tr\u00e1ch nhi\u1ec7m trong tr\u01b0\u1eddng h\u1ee3p c\u00f3 s\u1ef1 truy c\u1eadp tr\u00e1i ph\u00e9p th\u00f4ng tin c\u00e1 nh\u00e2n c\u1ee7a qu\u00fd kh\u00e1ch nh\u01b0 c\u00e1c tr\u01b0\u1eddng h\u1ee3p qu\u00fd kh\u00e1ch t\u1ef1 \u00fd chia s\u1ebb th\u00f4ng tin v\u1edbi ng\u01b0\u1eddi kh\u00e1c\u2026.\u00a0<\/span><\/p>\n<p><span style=\"font-weight: 400;\">\u00a0<strong>5. <\/strong><\/span><strong>TH\u1edcI GIAN L\u01afU TR\u1eee TH\u00d4NG TIN THU TH\u1eacP<\/strong><\/p>\n<p><span style=\"font-weight: 400;\">THACO INDUSTRIES s\u1ebd l\u01b0u tr\u1eef c\u00e1c Th\u00f4ng tin c\u00e1 nh\u00e2n do Kh\u00e1ch h\u00e0ng cung c\u1ea5p tr\u00ean c\u00e1c h\u1ec7 th\u1ed1ng n\u1ed9i b\u1ed9 c\u1ee7a ch\u00fang t\u00f4i trong qu\u00e1 tr\u00ecnh cung c\u1ea5p d\u1ecbch v\u1ee5 cho Kh\u00e1ch h\u00e0ng ho\u1eb7c cho \u0111\u1ebfn khi ho\u00e0n th\u00e0nh m\u1ee5c \u0111\u00edch thu th\u1eadp ho\u1eb7c khi Kh\u00e1ch h\u00e0ng c\u00f3 y\u00eau c\u1ea7u h\u1ee7y c\u00e1c th\u00f4ng tin \u0111\u00e3 cung c\u1ea5p.<\/span><\/p>\n<p><strong>\u00a06. QUY \u0110\u1ecaNH V\u1ec0 &#8220;SPAM&#8221;<\/strong><\/p>\n<p><span style=\"font-weight: 400;\">THACO INDUSTRIES th\u1ef1c s\u1ef1 quan ng\u1ea1i \u0111\u1ebfn v\u1ea5n n\u1ea1n Spam (th\u01b0 r\u00e1c), c\u00e1c Email gi\u1ea3 m\u1ea1o danh t\u00edn ch\u00fang t\u00f4i g\u1eedi \u0111i. Do \u0111\u00f3, THACO INDUSTRIES kh\u1eb3ng \u0111\u1ecbnh ch\u1ec9 g\u1eedi Email \u0111\u1ebfn qu\u00fd kh\u00e1ch khi v\u00e0 ch\u1ec9 khi qu\u00fd kh\u00e1ch c\u00f3 g\u1eedi th\u00f4ng tin li\u00ean h\u1ec7 \u0111\u1ebfn ch\u00fang t\u00f4i.<\/span><\/p>\n<p><span style=\"font-weight: 400;\">N\u1ebfu qu\u00fd kh\u00e1ch v\u00f4 t\u00ecnh nh\u1eadn \u0111\u01b0\u1ee3c Email kh\u00f4ng theo y\u00eau c\u1ea7u t\u1eeb h\u1ec7 th\u1ed1ng ch\u00fang t\u00f4i do m\u1ed9t nguy\u00ean nh\u00e2n ngo\u00e0i \u00fd mu\u1ed1n, xin vui l\u00f2ng nh\u1ea5n v\u00e0o link t\u1eeb ch\u1ed1i nh\u1eadn Email n\u00e0y k\u00e8m theo, ho\u1eb7c th\u00f4ng b\u00e1o tr\u1ef1c ti\u1ebfp \u0111\u1ebfn ban qu\u1ea3n tr\u1ecb Website.<\/span><\/p>\n<p><strong>\u00a07.THAY \u0110\u1ed4I V\u1ec0 CH\u00cdNH S\u00c1CH<\/strong><\/p>\n<p><span style=\"font-weight: 400;\">Ch\u00fang t\u00f4i ho\u00e0n to\u00e0n c\u00f3 th\u1ec3 thay \u0111\u1ed5i n\u1ed9i dung trong trang n\u00e0y m\u00e0 kh\u00f4ng c\u1ea7n ph\u1ea3i th\u00f4ng b\u00e1o tr\u01b0\u1edbc, \u0111\u1ec3 ph\u00f9 h\u1ee3p v\u1edbi c\u00e1c nhu c\u1ea7u c\u1ee7a THACO INDUSTRIES c\u0169ng nh\u01b0 nhu c\u1ea7u v\u00e0 s\u1ef1 ph\u1ea3n h\u1ed3i t\u1eeb kh\u00e1ch h\u00e0ng n\u1ebfu c\u00f3. Khi c\u1eadp nh\u1eadt n\u1ed9i dung ch\u00ednh s\u00e1ch n\u00e0y, ch\u00fang t\u00f4i s\u1ebd ch\u1ec9nh s\u1eeda l\u1ea1i th\u1eddi gian \u201cC\u1eadp nh\u1eadt l\u1ea7n cu\u1ed1i\u201d b\u00ean d\u01b0\u1edbi.<\/span><\/p>\n<p><strong>\u00a08. TH\u00d4NG TIN LI\u00caN H\u1ec6<\/strong><\/p>\n<p><span style=\"font-weight: 400;\">Ch\u00fang t\u00f4i lu\u00f4n hoan ngh\u00eanh c\u00e1c \u00fd ki\u1ebfn \u0111\u00f3ng g\u00f3p, li\u00ean h\u1ec7 v\u00e0 ph\u1ea3n h\u1ed3i th\u00f4ng tin t\u1eeb b\u1ea1n v\u1ec1 \u201cCh\u00ednh s\u00e1ch b\u1ea3o m\u1eadt th\u00f4ng tin\u201d n\u00e0y. N\u1ebfu b\u1ea1n c\u00f3 nh\u1eefng th\u1eafc m\u1eafc li\u00ean quan xin vui l\u00f2ng li\u00ean h\u1ec7 theo \u0111\u1ecba ch\u1ec9 Email: <a href=\"mailtop:info@thacoindustries.vn\">info@thacoindustries.vn.<\/a><\/span><\/p>\n<p>&nbsp;<\/p>\n","protected":false},"excerpt":{"rendered":"<p>C\u00f4ng ty TNHH C\u01a1 kh\u00ed &amp; CNHT Tr\u01b0\u1eddng H\u1ea3i (THACO INDUSTRIES) cam k\u1ebft s\u1ebd b\u1ea3o m\u1eadt nh\u1eefng th\u00f4ng tin mang t\u00ednh ri\u00eang t\u01b0 c\u1ee7a kh\u00e1ch h\u00e0ng. Qu\u00fd kh\u00e1ch vui l\u00f2ng \u0111\u1ecdc b\u1ea3n \u201cCh\u00ednh s\u00e1ch b\u1ea3o m\u1eadt th\u00f4ng tin\u201d d\u01b0\u1edbi \u0111\u00e2y \u0111\u1ec3 hi\u1ec3u h\u01a1n nh\u1eefng cam k\u1ebft m\u00e0 ch\u00fang t\u00f4i th\u1ef1c hi\u1ec7n, nh\u1eb1m t\u00f4n tr\u1ecdng v\u00e0 &#8230; <a title=\"Ch\u00ednh s\u00e1ch b\u1ea3o m\u1eadt\" class=\"read-more\" href=\"https:\/\/demo8.thuythu.com\/thaco\/chinh-sach\/\" aria-label=\"More on Ch\u00ednh s\u00e1ch b\u1ea3o m\u1eadt\">Read more<\/a><\/p>\n","protected":false},"author":1,"featured_media":0,"parent":0,"menu_order":0,"comment_status":"closed","ping_status":"closed","template":"","meta":[],"acf":[],"yoast_head":"<!-- This site is optimized with the Yoast SEO plugin v19.3 - https:\/\/yoast.com\/wordpress\/plugins\/seo\/ -->\n<title>Ch\u00ednh s\u00e1ch b\u1ea3o m\u1eadt<\/title>\n<meta name=\"robots\" content=\"noindex, follow, max-snippet:-1, max-image-preview:large, max-video-preview:-1\" \/>\n<meta property=\"og:locale\" content=\"vi_VN\" \/>\n<meta property=\"og:type\" content=\"article\" \/>\n<meta property=\"og:title\" content=\"Ch\u00ednh s\u00e1ch b\u1ea3o m\u1eadt\" \/>\n<meta property=\"og:description\" content=\"C\u00f4ng ty TNHH C\u01a1 kh\u00ed &amp; CNHT Tr\u01b0\u1eddng H\u1ea3i (THACO INDUSTRIES) cam k\u1ebft s\u1ebd b\u1ea3o m\u1eadt nh\u1eefng th\u00f4ng tin mang t\u00ednh ri\u00eang t\u01b0 c\u1ee7a kh\u00e1ch h\u00e0ng. Qu\u00fd kh\u00e1ch vui l\u00f2ng \u0111\u1ecdc b\u1ea3n \u201cCh\u00ednh s\u00e1ch b\u1ea3o m\u1eadt th\u00f4ng tin\u201d d\u01b0\u1edbi \u0111\u00e2y \u0111\u1ec3 hi\u1ec3u h\u01a1n nh\u1eefng cam k\u1ebft m\u00e0 ch\u00fang t\u00f4i th\u1ef1c hi\u1ec7n, nh\u1eb1m t\u00f4n tr\u1ecdng v\u00e0 ... Read more\" \/>\n<meta property=\"og:url\" content=\"https:\/\/demo8.thuythu.com\/thaco\/chinh-sach\/\" \/>\n<meta property=\"og:site_name\" content=\"Company Name\" \/>\n<meta property=\"article:modified_time\" content=\"2022-09-21T06:44:12+00:00\" \/>\n<meta name=\"twitter:card\" content=\"summary_large_image\" \/>\n<meta name=\"twitter:label1\" content=\"\u01af\u1edbc t\u00ednh th\u1eddi gian \u0111\u1ecdc\" \/>\n\t<meta name=\"twitter:data1\" content=\"5 ph\u00fat\" \/>\n<script type=\"application\/ld+json\" class=\"yoast-schema-graph\">{\"@context\":\"https:\/\/schema.org\",\"@graph\":[{\"@type\":\"Organization\",\"@id\":\"https:\/\/demo8.thuythu.com\/thaco\/#organization\",\"name\":\"Company Name\",\"url\":\"https:\/\/demo8.thuythu.com\/thaco\/\",\"sameAs\":[],\"logo\":{\"@type\":\"ImageObject\",\"inLanguage\":\"vi\",\"@id\":\"https:\/\/demo8.thuythu.com\/thaco\/#\/schema\/logo\/image\/\",\"url\":\"https:\/\/demo8.thuythu.com\/thaco\/wp-content\/uploads\/2023\/02\/LOGO.png\",\"contentUrl\":\"https:\/\/demo8.thuythu.com\/thaco\/wp-content\/uploads\/2023\/02\/LOGO.png\",\"width\":647,\"height\":162,\"caption\":\"Company Name\"},\"image\":{\"@id\":\"https:\/\/demo8.thuythu.com\/thaco\/#\/schema\/logo\/image\/\"}},{\"@type\":\"WebSite\",\"@id\":\"https:\/\/demo8.thuythu.com\/thaco\/#website\",\"url\":\"https:\/\/demo8.thuythu.com\/thaco\/\",\"name\":\"Company Name\",\"description\":\"\",\"publisher\":{\"@id\":\"https:\/\/demo8.thuythu.com\/thaco\/#organization\"},\"potentialAction\":[{\"@type\":\"SearchAction\",\"target\":{\"@type\":\"EntryPoint\",\"urlTemplate\":\"https:\/\/demo8.thuythu.com\/thaco\/?s={search_term_string}\"},\"query-input\":\"required name=search_term_string\"}],\"inLanguage\":\"vi\"},{\"@type\":\"WebPage\",\"@id\":\"https:\/\/demo8.thuythu.com\/thaco\/chinh-sach\/\",\"url\":\"https:\/\/demo8.thuythu.com\/thaco\/chinh-sach\/\",\"name\":\"Ch\u00ednh s\u00e1ch b\u1ea3o m\u1eadt\",\"isPartOf\":{\"@id\":\"https:\/\/demo8.thuythu.com\/thaco\/#website\"},\"datePublished\":\"2022-07-26T06:52:31+00:00\",\"dateModified\":\"2022-09-21T06:44:12+00:00\",\"breadcrumb\":{\"@id\":\"https:\/\/demo8.thuythu.com\/thaco\/chinh-sach\/#breadcrumb\"},\"inLanguage\":\"vi\",\"potentialAction\":[{\"@type\":\"ReadAction\",\"target\":[\"https:\/\/demo8.thuythu.com\/thaco\/chinh-sach\/\"]}]},{\"@type\":\"BreadcrumbList\",\"@id\":\"https:\/\/demo8.thuythu.com\/thaco\/chinh-sach\/#breadcrumb\",\"itemListElement\":[{\"@type\":\"ListItem\",\"position\":1,\"name\":\"Home\",\"item\":\"https:\/\/demo8.thuythu.com\/thaco\/\"},{\"@type\":\"ListItem\",\"position\":2,\"name\":\"Ch\u00ednh s\u00e1ch b\u1ea3o m\u1eadt\"}]}]}<\/script>\n<!-- \/ Yoast SEO plugin. -->","yoast_head_json":{"title":"Ch\u00ednh s\u00e1ch b\u1ea3o m\u1eadt","robots":{"index":"noindex","follow":"follow","max-snippet":"max-snippet:-1","max-image-preview":"max-image-preview:large","max-video-preview":"max-video-preview:-1"},"og_locale":"vi_VN","og_type":"article","og_title":"Ch\u00ednh s\u00e1ch b\u1ea3o m\u1eadt","og_description":"C\u00f4ng ty TNHH C\u01a1 kh\u00ed &amp; CNHT Tr\u01b0\u1eddng H\u1ea3i (THACO INDUSTRIES) cam k\u1ebft s\u1ebd b\u1ea3o m\u1eadt nh\u1eefng th\u00f4ng tin mang t\u00ednh ri\u00eang t\u01b0 c\u1ee7a kh\u00e1ch h\u00e0ng. Qu\u00fd kh\u00e1ch vui l\u00f2ng \u0111\u1ecdc b\u1ea3n \u201cCh\u00ednh s\u00e1ch b\u1ea3o m\u1eadt th\u00f4ng tin\u201d d\u01b0\u1edbi \u0111\u00e2y \u0111\u1ec3 hi\u1ec3u h\u01a1n nh\u1eefng cam k\u1ebft m\u00e0 ch\u00fang t\u00f4i th\u1ef1c hi\u1ec7n, nh\u1eb1m t\u00f4n tr\u1ecdng v\u00e0 ... Read more","og_url":"https:\/\/demo8.thuythu.com\/thaco\/chinh-sach\/","og_site_name":"Company Name","article_modified_time":"2022-09-21T06:44:12+00:00","twitter_card":"summary_large_image","twitter_misc":{"\u01af\u1edbc t\u00ednh th\u1eddi gian \u0111\u1ecdc":"5 ph\u00fat"},"schema":{"@context":"https:\/\/schema.org","@graph":[{"@type":"Organization","@id":"https:\/\/demo8.thuythu.com\/thaco\/#organization","name":"Company Name","url":"https:\/\/demo8.thuythu.com\/thaco\/","sameAs":[],"logo":{"@type":"ImageObject","inLanguage":"vi","@id":"https:\/\/demo8.thuythu.com\/thaco\/#\/schema\/logo\/image\/","url":"https:\/\/demo8.thuythu.com\/thaco\/wp-content\/uploads\/2023\/02\/LOGO.png","contentUrl":"https:\/\/demo8.thuythu.com\/thaco\/wp-content\/uploads\/2023\/02\/LOGO.png","width":647,"height":162,"caption":"Company Name"},"image":{"@id":"https:\/\/demo8.thuythu.com\/thaco\/#\/schema\/logo\/image\/"}},{"@type":"WebSite","@id":"https:\/\/demo8.thuythu.com\/thaco\/#website","url":"https:\/\/demo8.thuythu.com\/thaco\/","name":"Company Name","description":"","publisher":{"@id":"https:\/\/demo8.thuythu.com\/thaco\/#organization"},"potentialAction":[{"@type":"SearchAction","target":{"@type":"EntryPoint","urlTemplate":"https:\/\/demo8.thuythu.com\/thaco\/?s={search_term_string}"},"query-input":"required name=search_term_string"}],"inLanguage":"vi"},{"@type":"WebPage","@id":"https:\/\/demo8.thuythu.com\/thaco\/chinh-sach\/","url":"https:\/\/demo8.thuythu.com\/thaco\/chinh-sach\/","name":"Ch\u00ednh s\u00e1ch b\u1ea3o m\u1eadt","isPartOf":{"@id":"https:\/\/demo8.thuythu.com\/thaco\/#website"},"datePublished":"2022-07-26T06:52:31+00:00","dateModified":"2022-09-21T06:44:12+00:00","breadcrumb":{"@id":"https:\/\/demo8.thuythu.com\/thaco\/chinh-sach\/#breadcrumb"},"inLanguage":"vi","potentialAction":[{"@type":"ReadAction","target":["https:\/\/demo8.thuythu.com\/thaco\/chinh-sach\/"]}]},{"@type":"BreadcrumbList","@id":"https:\/\/demo8.thuythu.com\/thaco\/chinh-sach\/#breadcrumb","itemListElement":[{"@type":"ListItem","position":1,"name":"Home","item":"https:\/\/demo8.thuythu.com\/thaco\/"},{"@type":"ListItem","position":2,"name":"Ch\u00ednh s\u00e1ch b\u1ea3o m\u1eadt"}]}]}},"_links":{"self":[{"href":"https:\/\/demo8.thuythu.com\/thaco\/wp-json\/wp\/v2\/pages\/997"}],"collection":[{"href":"https:\/\/demo8.thuythu.com\/thaco\/wp-json\/wp\/v2\/pages"}],"about":[{"href":"https:\/\/demo8.thuythu.com\/thaco\/wp-json\/wp\/v2\/types\/page"}],"author":[{"embeddable":true,"href":"https:\/\/demo8.thuythu.com\/thaco\/wp-json\/wp\/v2\/users\/1"}],"replies":[{"embeddable":true,"href":"https:\/\/demo8.thuythu.com\/thaco\/wp-json\/wp\/v2\/comments?post=997"}],"version-history":[{"count":8,"href":"https:\/\/demo8.thuythu.com\/thaco\/wp-json\/wp\/v2\/pages\/997\/revisions"}],"predecessor-version":[{"id":7506,"href":"https:\/\/demo8.thuythu.com\/thaco\/wp-json\/wp\/v2\/pages\/997\/revisions\/7506"}],"wp:attachment":[{"href":"https:\/\/demo8.thuythu.com\/thaco\/wp-json\/wp\/v2\/media?parent=997"}],"curies":[{"name":"wp","href":"https:\/\/api.w.org\/{rel}","templated":true}]}}