{"id":807,"date":"2022-10-10T16:35:32","date_gmt":"2022-10-10T09:35:32","guid":{"rendered":"https:\/\/demo8.thuythu.com\/tivacloud\/?page_id=807"},"modified":"2022-10-10T16:39:21","modified_gmt":"2022-10-10T09:39:21","slug":"dang-nhap","status":"publish","type":"page","link":"https:\/\/demo8.thuythu.com\/tivacloud\/trang-ho-tro\/dang-nhap\/","title":{"rendered":"\u0110\u0103ng nh\u1eadp"},"content":{"rendered":"<h1 style=\"text-align: center;\"><span style=\"font-family: arial,helvetica,sans-serif;\">\u0110\u0103ng k\u00fd s\u1eed d\u1ee5ng KiotViet<\/span><\/h1>\n<p style=\"text-align: justify;\"><span style=\"font-family: arial,helvetica,sans-serif;\">\u0110\u1ec3 \u0111\u0103ng k\u00fd s\u1eed d\u1ee5ng ph\u1ea7n m\u1ec1m Qu\u1ea3n l\u00fd b\u00e1n h\u00e0ng KiotViet b\u1ea1n l\u00e0m theo 5 b\u01b0\u1edbc sau:<\/span><\/p>\n<p style=\"text-align: justify;\"><span style=\"font-family: arial,helvetica,sans-serif;\">&#8211; B\u01b0\u1edbc 1:\u00a0B\u1ea1n v\u00e0o trang ch\u1ee7 c\u1ee7a KiotViet theo \u0111\u01b0\u1eddng link:\u00a0<a href=\"https:\/\/www.kiotviet.vn\/\" target=\"_blank\" rel=\"noopener noreferrer\">https:\/\/www.kiotviet.vn\/<\/a><\/span><\/p>\n<p style=\"text-align: justify;\"><span style=\"font-family: arial,helvetica,sans-serif;\">&#8211; B\u01b0\u1edbc 2:\u00a0B\u1ea1n k\u00edch v\u00e0o\u00a0<strong><em>D\u00f9ng th\u1eed mi\u1ec5n ph\u00ed<\/em><\/strong><\/span><\/p>\n<p style=\"text-align: center;\"><img decoding=\"async\" class=\"alignnone size-full wp-image-48349\" style=\"border: 1px solid #aaaaaa; max-height: 638px;\" src=\"https:\/\/www.kiotviet.vn\/wp-content\/uploads\/2020\/06\/DKRT1-1.png\" alt=\"\" width=\"1486\" \/><\/p>\n<p style=\"text-align: justify;\"><span style=\"font-family: arial,helvetica,sans-serif;\">&#8211; B\u01b0\u1edbc 3:\u00a0M\u00e0n h\u00ecnh <strong>T\u1ea1o t\u00e0i kho\u1ea3n KiotViet<\/strong> hi\u1ec7n ra, b\u1ea1n ch\u1ecdn ng\u00e0nh m\u00ecnh \u0111ang kinh doanh. Hi\u1ec7n t\u1ea1i KiotViet ph\u00f9 h\u1ee3p v\u1edbi 15 ng\u00e0nh h\u00e0ng kh\u00e1c nhau.<\/span><\/p>\n<p style=\"text-align: center;\"><img decoding=\"async\" class=\"alignnone size-full wp-image-44608\" style=\"border: 1px solid #aaaaaa; max-height: 689px;\" src=\"https:\/\/www.kiotviet.vn\/wp-content\/uploads\/2020\/02\/DKRetail2.png\" alt=\"\" width=\"1488\" \/><\/p>\n<p style=\"text-align: justify;\"><span style=\"font-family: arial,helvetica,sans-serif;\">&#8211; B\u01b0\u1edbc 4:\u00a0B\u1ea1n \u0111i\u1ec1n \u0111\u1ea7y \u0111\u1ee7 th\u00f4ng tin c\u00e1 nh\u00e2n bao g\u1ed3m:<\/span><\/p>\n<ul style=\"list-style-type: circle;\">\n<li><span style=\"font-family: arial,helvetica,sans-serif;\"><em>H\u1ecd t\u00ean<\/em><\/span><\/li>\n<li><span style=\"font-family: arial,helvetica,sans-serif;\"><em>Qu\u1ed1c gia<\/em><\/span><\/li>\n<li><span style=\"font-family: arial,helvetica,sans-serif;\"><em>\u0110i\u1ec7n tho\u1ea1i<\/em><\/span><\/li>\n<li><span style=\"font-family: arial,helvetica,sans-serif;\"><em>Email<\/em><\/span><\/li>\n<li><span style=\"font-family: arial,helvetica,sans-serif;\"><em>\u0110\u1ecba ch\u1ec9: <\/em>T\u1ec9nh\/Th\u00e0nh ph\u1ed1 &#8211; Qu\u1eadn\/Huy\u1ec7n<\/span><\/li>\n<li><span style=\"font-family: arial,helvetica,sans-serif;\"><em>T\u00ean c\u1eeda h\u00e0ng<\/em><\/span><\/li>\n<li><span style=\"font-family: arial,helvetica,sans-serif;\"><em>T\u00ean \u0111\u0103ng nh\u1eadp<\/em>: M\u1eb7c \u0111\u1ecbnh s\u1ebd l\u00e0 s\u1ed1 \u0111i\u1ec7n tho\u1ea1i b\u1ea1n \u0111\u00e3 nh\u1eadp \u1edf ph\u00eda tr\u00ean.<\/span><\/li>\n<li><span style=\"font-family: arial,helvetica,sans-serif;\"><em>M\u1eadt kh\u1ea9u<\/em>: B\u1ea1n \u0111i\u1ec1n ch\u00ednh x\u00e1c v\u00e0 ghi nh\u1edb m\u1eadt kh\u1ea9u c\u1ee7a m\u00ecnh.<\/span><\/li>\n<li><span style=\"font-family: arial,helvetica,sans-serif;\"><i>M\u00e3 x\u00e1c th\u1ef1c: <\/i>B\u1ea1n k\u00edch ch\u1ecdn <b><i>Nh\u1eadn m\u00e3 x\u00e1c th\u1ef1c qua SMS <\/i><\/b>\u0111\u1ec3 nh\u1eadn m\u00e3 x\u00e1c th\u1ef1c OTP KiotViet g\u1eedi \u0111\u1ebfn s\u1ed1 \u0111i\u1ec7n tho\u1ea1i b\u1ea1n \u0111\u00e3 \u0111i\u1ec1n \u1edf tr\u00ean.<\/span><\/li>\n<\/ul>\n<p style=\"text-align: center;\"><img decoding=\"async\" class=\"alignnone size-full wp-image-59299\" style=\"border: 1px solid #aaaaaa; max-height: 638px;\" src=\"https:\/\/www.kiotviet.vn\/wp-content\/uploads\/2021\/08\/\u0110KRT_050821.png\" alt=\"\" width=\"1194\" \/><\/p>\n<ul style=\"list-style-type: circle;\">\n<li style=\"text-align: justify;\"><span style=\"font-family: arial,helvetica,sans-serif;\">Sau \u0111\u00f3 k\u00edch\u00a0<strong><em>\u0110\u0103ng k\u00fd<\/em><\/strong>.<\/span><\/li>\n<\/ul>\n<p style=\"text-align: justify;\"><span style=\"font-family: arial,helvetica,sans-serif;\">&#8211; B\u01b0\u1edbc 5: M\u00e0n h\u00ecnh hi\u1ec3n th\u1ecb th\u00f4ng b\u00e1o \u201cCh\u00fac m\u1eebng b\u1ea1n \u0111\u0103ng k\u00fd th\u00e0nh c\u00f4ng\u201d. B\u1ea1n ki\u1ec3m tra v\u00e0 ghi nh\u1edb th\u00f4ng tin \u0111\u00e3 \u0111\u0103ng k\u00fd. K\u00edch\u00a0<strong><em>B\u1eaft \u0111\u1ea7u kinh doanh<\/em><\/strong>\u00a0\u0111\u1ec3 chuy\u1ec3n sang m\u00e0n h\u00ecnh \u0111\u0103ng nh\u1eadp v\u00e0 s\u1eed d\u1ee5ng ph\u1ea7n m\u1ec1m.<\/span><\/p>\n<p style=\"text-align: center;\"><img decoding=\"async\" class=\"alignnone size-full wp-image-44610\" style=\"border: 1px solid #aaaaaa; max-height: 637px;\" src=\"https:\/\/www.kiotviet.vn\/wp-content\/uploads\/2020\/02\/DKRetail4.png\" alt=\"\" width=\"1476\" \/><\/p>\n<p style=\"text-align: justify;\"><span style=\"font-family: arial,helvetica,sans-serif;\">Nh\u01b0 v\u1eady, KiotViet \u0111\u00e3 th\u1ef1c hi\u1ec7n xong ph\u1ea7n h\u01b0\u1edbng d\u1eabn \u0110\u0103ng k\u00fd s\u1eed d\u1ee5ng ph\u1ea7n m\u1ec1m KiotViet.<\/span><\/p>\n<p style=\"text-align: justify;\"><span style=\"font-family: arial,helvetica,sans-serif;\">M\u1ecdi th\u1eafc m\u1eafc xin li\u00ean h\u1ec7 t\u1ed5ng \u0111\u00e0i t\u01b0 v\u1ea5n b\u00e1n h\u00e0ng <strong>1800 6162<\/strong>, t\u1ed5ng \u0111\u00e0i h\u1ed7 tr\u1ee3 ph\u1ea7n m\u1ec1m <strong>1900 6522<\/strong> ho\u1eb7c email cho ch\u00fang t\u00f4i t\u1ea1i \u0111\u1ecba ch\u1ec9: <strong>hotro@kiotviet.com<\/strong> \u0111\u1ec3 \u0111\u01b0\u1ee3c h\u1ed7 tr\u1ee3 v\u00e0 gi\u1ea3i \u0111\u00e1p.<\/span><\/p>\n<p style=\"text-align: justify;\"><span style=\"font-family: arial,helvetica,sans-serif;\">Ch\u00fac Qu\u00fd kh\u00e1ch th\u00e0nh c\u00f4ng!<\/span><\/p>\n<p style=\"text-align: right;\"><span style=\"font-size: 11px;\"><span style=\"font-family: arial,helvetica,sans-serif;\"><em>T\u00e0i li\u1ec7u \u0111\u01b0\u1ee3c c\u1eadp nh\u1eadt m\u1edbi nh\u1ea5t ng\u00e0y 05\/08\/2021<\/em><\/span><\/span><\/p>\n","protected":false},"excerpt":{"rendered":"<p>\u0110\u0103ng k\u00fd s\u1eed d\u1ee5ng KiotViet \u0110\u1ec3 \u0111\u0103ng k\u00fd s\u1eed d\u1ee5ng ph\u1ea7n m\u1ec1m Qu\u1ea3n l\u00fd b\u00e1n h\u00e0ng KiotViet b\u1ea1n l\u00e0m theo 5 b\u01b0\u1edbc sau: &#8211; B\u01b0\u1edbc 1:\u00a0B\u1ea1n v\u00e0o trang ch\u1ee7 c\u1ee7a KiotViet theo \u0111\u01b0\u1eddng link:\u00a0https:\/\/www.kiotviet.vn\/ &#8211; B\u01b0\u1edbc 2:\u00a0B\u1ea1n k\u00edch v\u00e0o\u00a0D\u00f9ng th\u1eed mi\u1ec5n ph\u00ed &#8211; B\u01b0\u1edbc 3:\u00a0M\u00e0n h\u00ecnh T\u1ea1o t\u00e0i kho\u1ea3n KiotViet hi\u1ec7n ra, b\u1ea1n ch\u1ecdn ng\u00e0nh&hellip;<\/p>\n","protected":false},"author":1,"featured_media":0,"parent":137,"menu_order":0,"comment_status":"closed","ping_status":"closed","template":"templates\/chinh-sach.php","meta":[],"acf":[],"yoast_head":"<!-- This site is optimized with the Yoast SEO plugin v19.6 - https:\/\/yoast.com\/wordpress\/plugins\/seo\/ -->\n<title>\u0110\u0103ng nh\u1eadp - Tiva Cloud<\/title>\n<meta name=\"robots\" content=\"noindex, follow, max-snippet:-1, max-image-preview:large, max-video-preview:-1\" \/>\n<meta property=\"og:locale\" content=\"vi_VN\" \/>\n<meta property=\"og:type\" content=\"article\" \/>\n<meta property=\"og:title\" content=\"\u0110\u0103ng nh\u1eadp - Tiva Cloud\" \/>\n<meta property=\"og:description\" content=\"\u0110\u0103ng k\u00fd s\u1eed d\u1ee5ng KiotViet \u0110\u1ec3 \u0111\u0103ng k\u00fd s\u1eed d\u1ee5ng ph\u1ea7n m\u1ec1m Qu\u1ea3n l\u00fd b\u00e1n h\u00e0ng KiotViet b\u1ea1n l\u00e0m theo 5 b\u01b0\u1edbc sau: &#8211; B\u01b0\u1edbc 1:\u00a0B\u1ea1n v\u00e0o trang ch\u1ee7 c\u1ee7a KiotViet theo \u0111\u01b0\u1eddng link:\u00a0https:\/\/www.kiotviet.vn\/ &#8211; B\u01b0\u1edbc 2:\u00a0B\u1ea1n k\u00edch v\u00e0o\u00a0D\u00f9ng th\u1eed mi\u1ec5n ph\u00ed &#8211; B\u01b0\u1edbc 3:\u00a0M\u00e0n h\u00ecnh T\u1ea1o t\u00e0i kho\u1ea3n KiotViet hi\u1ec7n ra, b\u1ea1n ch\u1ecdn ng\u00e0nh&hellip;\" \/>\n<meta property=\"og:url\" content=\"https:\/\/demo8.thuythu.com\/tivacloud\/trang-ho-tro\/dang-nhap\/\" \/>\n<meta property=\"og:site_name\" content=\"Tiva Cloud\" \/>\n<meta property=\"article:modified_time\" content=\"2022-10-10T09:39:21+00:00\" \/>\n<meta property=\"og:image\" content=\"https:\/\/www.kiotviet.vn\/wp-content\/uploads\/2020\/06\/DKRT1-1.png\" \/>\n<meta name=\"twitter:card\" content=\"summary_large_image\" \/>\n<meta name=\"twitter:label1\" content=\"\u01af\u1edbc t\u00ednh th\u1eddi gian \u0111\u1ecdc\" \/>\n\t<meta name=\"twitter:data1\" content=\"3 ph\u00fat\" \/>\n<script type=\"application\/ld+json\" class=\"yoast-schema-graph\">{\"@context\":\"https:\/\/schema.org\",\"@graph\":[{\"@type\":\"WebPage\",\"@id\":\"https:\/\/demo8.thuythu.com\/tivacloud\/trang-ho-tro\/dang-nhap\/\",\"url\":\"https:\/\/demo8.thuythu.com\/tivacloud\/trang-ho-tro\/dang-nhap\/\",\"name\":\"\u0110\u0103ng nh\u1eadp - Tiva Cloud\",\"isPartOf\":{\"@id\":\"https:\/\/demo8.thuythu.com\/tivacloud\/#website\"},\"datePublished\":\"2022-10-10T09:35:32+00:00\",\"dateModified\":\"2022-10-10T09:39:21+00:00\",\"breadcrumb\":{\"@id\":\"https:\/\/demo8.thuythu.com\/tivacloud\/trang-ho-tro\/dang-nhap\/#breadcrumb\"},\"inLanguage\":\"vi\",\"potentialAction\":[{\"@type\":\"ReadAction\",\"target\":[\"https:\/\/demo8.thuythu.com\/tivacloud\/trang-ho-tro\/dang-nhap\/\"]}]},{\"@type\":\"BreadcrumbList\",\"@id\":\"https:\/\/demo8.thuythu.com\/tivacloud\/trang-ho-tro\/dang-nhap\/#breadcrumb\",\"itemListElement\":[{\"@type\":\"ListItem\",\"position\":1,\"name\":\"Home\",\"item\":\"https:\/\/demo8.thuythu.com\/tivacloud\/\"},{\"@type\":\"ListItem\",\"position\":2,\"name\":\"H\u1ed7 tr\u1ee3\",\"item\":\"https:\/\/demo8.thuythu.com\/tivacloud\/trang-ho-tro\/\"},{\"@type\":\"ListItem\",\"position\":3,\"name\":\"\u0110\u0103ng nh\u1eadp\"}]},{\"@type\":\"WebSite\",\"@id\":\"https:\/\/demo8.thuythu.com\/tivacloud\/#website\",\"url\":\"https:\/\/demo8.thuythu.com\/tivacloud\/\",\"name\":\"Tiva Cloud\",\"description\":\"Tiva Cloud\",\"publisher\":{\"@id\":\"https:\/\/demo8.thuythu.com\/tivacloud\/#organization\"},\"potentialAction\":[{\"@type\":\"SearchAction\",\"target\":{\"@type\":\"EntryPoint\",\"urlTemplate\":\"https:\/\/demo8.thuythu.com\/tivacloud\/?s={search_term_string}\"},\"query-input\":\"required name=search_term_string\"}],\"inLanguage\":\"vi\"},{\"@type\":\"Organization\",\"@id\":\"https:\/\/demo8.thuythu.com\/tivacloud\/#organization\",\"name\":\"Tiva Cloud\",\"url\":\"https:\/\/demo8.thuythu.com\/tivacloud\/\",\"sameAs\":[],\"logo\":{\"@type\":\"ImageObject\",\"inLanguage\":\"vi\",\"@id\":\"https:\/\/demo8.thuythu.com\/tivacloud\/#\/schema\/logo\/image\/\",\"url\":\"https:\/\/demo8.thuythu.com\/tivacloud\/wp-content\/uploads\/2022\/09\/Logo-TivaCloud-01.png\",\"contentUrl\":\"https:\/\/demo8.thuythu.com\/tivacloud\/wp-content\/uploads\/2022\/09\/Logo-TivaCloud-01.png\",\"width\":500,\"height\":400,\"caption\":\"Tiva Cloud\"},\"image\":{\"@id\":\"https:\/\/demo8.thuythu.com\/tivacloud\/#\/schema\/logo\/image\/\"}}]}<\/script>\n<!-- \/ Yoast SEO plugin. -->","yoast_head_json":{"title":"\u0110\u0103ng nh\u1eadp - Tiva Cloud","robots":{"index":"noindex","follow":"follow","max-snippet":"max-snippet:-1","max-image-preview":"max-image-preview:large","max-video-preview":"max-video-preview:-1"},"og_locale":"vi_VN","og_type":"article","og_title":"\u0110\u0103ng nh\u1eadp - Tiva Cloud","og_description":"\u0110\u0103ng k\u00fd s\u1eed d\u1ee5ng KiotViet \u0110\u1ec3 \u0111\u0103ng k\u00fd s\u1eed d\u1ee5ng ph\u1ea7n m\u1ec1m Qu\u1ea3n l\u00fd b\u00e1n h\u00e0ng KiotViet b\u1ea1n l\u00e0m theo 5 b\u01b0\u1edbc sau: &#8211; B\u01b0\u1edbc 1:\u00a0B\u1ea1n v\u00e0o trang ch\u1ee7 c\u1ee7a KiotViet theo \u0111\u01b0\u1eddng link:\u00a0https:\/\/www.kiotviet.vn\/ &#8211; B\u01b0\u1edbc 2:\u00a0B\u1ea1n k\u00edch v\u00e0o\u00a0D\u00f9ng th\u1eed mi\u1ec5n ph\u00ed &#8211; B\u01b0\u1edbc 3:\u00a0M\u00e0n h\u00ecnh T\u1ea1o t\u00e0i kho\u1ea3n KiotViet hi\u1ec7n ra, b\u1ea1n ch\u1ecdn ng\u00e0nh&hellip;","og_url":"https:\/\/demo8.thuythu.com\/tivacloud\/trang-ho-tro\/dang-nhap\/","og_site_name":"Tiva Cloud","article_modified_time":"2022-10-10T09:39:21+00:00","og_image":[{"url":"https:\/\/www.kiotviet.vn\/wp-content\/uploads\/2020\/06\/DKRT1-1.png"}],"twitter_card":"summary_large_image","twitter_misc":{"\u01af\u1edbc t\u00ednh th\u1eddi gian \u0111\u1ecdc":"3 ph\u00fat"},"schema":{"@context":"https:\/\/schema.org","@graph":[{"@type":"WebPage","@id":"https:\/\/demo8.thuythu.com\/tivacloud\/trang-ho-tro\/dang-nhap\/","url":"https:\/\/demo8.thuythu.com\/tivacloud\/trang-ho-tro\/dang-nhap\/","name":"\u0110\u0103ng nh\u1eadp - Tiva Cloud","isPartOf":{"@id":"https:\/\/demo8.thuythu.com\/tivacloud\/#website"},"datePublished":"2022-10-10T09:35:32+00:00","dateModified":"2022-10-10T09:39:21+00:00","breadcrumb":{"@id":"https:\/\/demo8.thuythu.com\/tivacloud\/trang-ho-tro\/dang-nhap\/#breadcrumb"},"inLanguage":"vi","potentialAction":[{"@type":"ReadAction","target":["https:\/\/demo8.thuythu.com\/tivacloud\/trang-ho-tro\/dang-nhap\/"]}]},{"@type":"BreadcrumbList","@id":"https:\/\/demo8.thuythu.com\/tivacloud\/trang-ho-tro\/dang-nhap\/#breadcrumb","itemListElement":[{"@type":"ListItem","position":1,"name":"Home","item":"https:\/\/demo8.thuythu.com\/tivacloud\/"},{"@type":"ListItem","position":2,"name":"H\u1ed7 tr\u1ee3","item":"https:\/\/demo8.thuythu.com\/tivacloud\/trang-ho-tro\/"},{"@type":"ListItem","position":3,"name":"\u0110\u0103ng nh\u1eadp"}]},{"@type":"WebSite","@id":"https:\/\/demo8.thuythu.com\/tivacloud\/#website","url":"https:\/\/demo8.thuythu.com\/tivacloud\/","name":"Tiva Cloud","description":"Tiva Cloud","publisher":{"@id":"https:\/\/demo8.thuythu.com\/tivacloud\/#organization"},"potentialAction":[{"@type":"SearchAction","target":{"@type":"EntryPoint","urlTemplate":"https:\/\/demo8.thuythu.com\/tivacloud\/?s={search_term_string}"},"query-input":"required name=search_term_string"}],"inLanguage":"vi"},{"@type":"Organization","@id":"https:\/\/demo8.thuythu.com\/tivacloud\/#organization","name":"Tiva Cloud","url":"https:\/\/demo8.thuythu.com\/tivacloud\/","sameAs":[],"logo":{"@type":"ImageObject","inLanguage":"vi","@id":"https:\/\/demo8.thuythu.com\/tivacloud\/#\/schema\/logo\/image\/","url":"https:\/\/demo8.thuythu.com\/tivacloud\/wp-content\/uploads\/2022\/09\/Logo-TivaCloud-01.png","contentUrl":"https:\/\/demo8.thuythu.com\/tivacloud\/wp-content\/uploads\/2022\/09\/Logo-TivaCloud-01.png","width":500,"height":400,"caption":"Tiva Cloud"},"image":{"@id":"https:\/\/demo8.thuythu.com\/tivacloud\/#\/schema\/logo\/image\/"}}]}},"_links":{"self":[{"href":"https:\/\/demo8.thuythu.com\/tivacloud\/wp-json\/wp\/v2\/pages\/807"}],"collection":[{"href":"https:\/\/demo8.thuythu.com\/tivacloud\/wp-json\/wp\/v2\/pages"}],"about":[{"href":"https:\/\/demo8.thuythu.com\/tivacloud\/wp-json\/wp\/v2\/types\/page"}],"author":[{"embeddable":true,"href":"https:\/\/demo8.thuythu.com\/tivacloud\/wp-json\/wp\/v2\/users\/1"}],"replies":[{"embeddable":true,"href":"https:\/\/demo8.thuythu.com\/tivacloud\/wp-json\/wp\/v2\/comments?post=807"}],"version-history":[{"count":1,"href":"https:\/\/demo8.thuythu.com\/tivacloud\/wp-json\/wp\/v2\/pages\/807\/revisions"}],"predecessor-version":[{"id":815,"href":"https:\/\/demo8.thuythu.com\/tivacloud\/wp-json\/wp\/v2\/pages\/807\/revisions\/815"}],"up":[{"embeddable":true,"href":"https:\/\/demo8.thuythu.com\/tivacloud\/wp-json\/wp\/v2\/pages\/137"}],"wp:attachment":[{"href":"https:\/\/demo8.thuythu.com\/tivacloud\/wp-json\/wp\/v2\/media?parent=807"}],"curies":[{"name":"wp","href":"https:\/\/api.w.org\/{rel}","templated":true}]}}