{"id":4874,"date":"2022-10-03T17:31:52","date_gmt":"2022-10-03T10:31:52","guid":{"rendered":"https:\/\/demo8.thuythu.com\/tranphamgia\/?page_id=4874"},"modified":"2022-10-03T17:43:27","modified_gmt":"2022-10-03T10:43:27","slug":"dang-ky-dang-nhap","status":"publish","type":"page","link":"https:\/\/demo8.thuythu.com\/tranphamgia\/dang-ky-dang-nhap\/","title":{"rendered":"\u0110\u0103ng k\u00fd &#8211; \u0110\u0103ng nh\u1eadp"},"content":{"rendered":"","protected":false},"excerpt":{"rendered":"","protected":false},"author":1,"featured_media":0,"parent":0,"menu_order":0,"comment_status":"closed","ping_status":"closed","template":"templates\/log-reg.php","meta":{"footnotes":""},"acf":[],"_links":{"self":[{"href":"https:\/\/demo8.thuythu.com\/tranphamgia\/wp-json\/wp\/v2\/pages\/4874"}],"collection":[{"href":"https:\/\/demo8.thuythu.com\/tranphamgia\/wp-json\/wp\/v2\/pages"}],"about":[{"href":"https:\/\/demo8.thuythu.com\/tranphamgia\/wp-json\/wp\/v2\/types\/page"}],"author":[{"embeddable":true,"href":"https:\/\/demo8.thuythu.com\/tranphamgia\/wp-json\/wp\/v2\/users\/1"}],"replies":[{"embeddable":true,"href":"https:\/\/demo8.thuythu.com\/tranphamgia\/wp-json\/wp\/v2\/comments?post=4874"}],"version-history":[{"count":4,"href":"https:\/\/demo8.thuythu.com\/tranphamgia\/wp-json\/wp\/v2\/pages\/4874\/revisions"}],"predecessor-version":[{"id":4883,"href":"https:\/\/demo8.thuythu.com\/tranphamgia\/wp-json\/wp\/v2\/pages\/4874\/revisions\/4883"}],"wp:attachment":[{"href":"https:\/\/demo8.thuythu.com\/tranphamgia\/wp-json\/wp\/v2\/media?parent=4874"}],"curies":[{"name":"wp","href":"https:\/\/api.w.org\/{rel}","templated":true}]}}