{"id":193,"date":"2020-06-22T14:01:27","date_gmt":"2020-06-22T07:01:27","guid":{"rendered":"https:\/\/demo8.thuythu.com\/unifamvietnam\/?page_id=193"},"modified":"2020-07-23T11:40:32","modified_gmt":"2020-07-23T04:40:32","slug":"danh-sach-tuyen-dung","status":"publish","type":"page","link":"https:\/\/demo8.thuythu.com\/unifamvietnam\/danh-sach-tuyen-dung\/","title":{"rendered":"Tuy\u1ec3n d\u1ee5ng"},"content":{"rendered":"        <div class=\"wrap_table_td\">\n            <h2 class=\"title-re-sub wow fadeInUp\" data-wow-duration=\"1s\" data-wow-delay=\"0.75s\">V\u1ecb tr\u00ed \u1ee9ng tuy\u1ec3n<\/h2>\n            <table class=\"table_td wow fadeInUp\" data-wow-duration=\"1s\" data-wow-delay=\"1.25s\">\n                <thead>\n                    <tr>\n                        <th>V\u1eca TR\u00cd \u1ee8NG TUY\u1ec2N<\/th>\n                        <th>S\u1ed0 L\u01af\u1ee2NG<\/th>\n                        <th>\u0110\u1ecaA \u0110I\u1ec2M<\/th>\n                        <th>NG\u00c0Y H\u1ebeT H\u1ea0N<\/th>\n                    <\/tr>\n                <\/thead>\n                                    <tr data-href=\"https:\/\/demo8.thuythu.com\/unifamvietnam\/tuyen-dung\/giam-doc-ban-hang-asm-khu-vuc-ho-chi-minh\/\">\n                        <td><a href=\"https:\/\/demo8.thuythu.com\/unifamvietnam\/tuyen-dung\/giam-doc-ban-hang-asm-khu-vuc-ho-chi-minh\/\">Gi\u00e1m \u0110\u1ed1c B\u00e1n h\u00e0ng ASM &#8211; Khu V\u1ef1c H\u1ed3 Ch\u00ed Minh<\/a><\/td>\n                        <td>1<\/td>\n                        <td>H\u1ed3 Ch\u00ed Minh<\/td>\n                        <td>01\/10\/2020<\/td>\n                    <\/tr>\n                                    <tr data-href=\"https:\/\/demo8.thuythu.com\/unifamvietnam\/tuyen-dung\/nhan-vien-ban-hang\/\">\n                        <td><a href=\"https:\/\/demo8.thuythu.com\/unifamvietnam\/tuyen-dung\/nhan-vien-ban-hang\/\">NH\u00c2N VI\u00caN B\u00c1N H\u00c0NG &#8211; T\u1ea0I 63 T\u1ec8NH TH\u00c0NH VI\u1ec6T NAM<\/a><\/td>\n                        <td>200<\/td>\n                        <td>H\u1ed3 Ch\u00ed Minh<\/td>\n                        <td>30\/06\/2020<\/td>\n                    <\/tr>\n                                    <tr data-href=\"https:\/\/demo8.thuythu.com\/unifamvietnam\/tuyen-dung\/quan-ly-kinh-doanh-khu-vuc\/\">\n                        <td><a href=\"https:\/\/demo8.thuythu.com\/unifamvietnam\/tuyen-dung\/quan-ly-kinh-doanh-khu-vuc\/\">Regional sales manager (RSM) &#8211; khu v\u1ef1c Mi\u1ec1n B\u1eafc<\/a><\/td>\n                        <td>1<\/td>\n                        <td>Khu v\u1ef1c Mi\u1ec1n B\u1eafc<\/td>\n                        <td>29\/08\/2020<\/td>\n                    <\/tr>\n                            <\/table>\n        <\/div>\n\n","protected":false},"excerpt":{"rendered":"","protected":false},"author":2,"featured_media":0,"parent":0,"menu_order":0,"comment_status":"closed","ping_status":"closed","template":"templates\/template-tuyendung.php","meta":{"inline_featured_image":false},"_links":{"self":[{"href":"https:\/\/demo8.thuythu.com\/unifamvietnam\/wp-json\/wp\/v2\/pages\/193"}],"collection":[{"href":"https:\/\/demo8.thuythu.com\/unifamvietnam\/wp-json\/wp\/v2\/pages"}],"about":[{"href":"https:\/\/demo8.thuythu.com\/unifamvietnam\/wp-json\/wp\/v2\/types\/page"}],"author":[{"embeddable":true,"href":"https:\/\/demo8.thuythu.com\/unifamvietnam\/wp-json\/wp\/v2\/users\/2"}],"replies":[{"embeddable":true,"href":"https:\/\/demo8.thuythu.com\/unifamvietnam\/wp-json\/wp\/v2\/comments?post=193"}],"version-history":[{"count":13,"href":"https:\/\/demo8.thuythu.com\/unifamvietnam\/wp-json\/wp\/v2\/pages\/193\/revisions"}],"predecessor-version":[{"id":1113,"href":"https:\/\/demo8.thuythu.com\/unifamvietnam\/wp-json\/wp\/v2\/pages\/193\/revisions\/1113"}],"wp:attachment":[{"href":"https:\/\/demo8.thuythu.com\/unifamvietnam\/wp-json\/wp\/v2\/media?parent=193"}],"curies":[{"name":"wp","href":"https:\/\/api.w.org\/{rel}","templated":true}]}}