{"id":120,"date":"2021-09-04T16:34:51","date_gmt":"2021-09-04T16:34:51","guid":{"rendered":"https:\/\/vatlieuxaydung.net.vn\/?page_id=120"},"modified":"2023-06-12T22:13:32","modified_gmt":"2023-06-12T15:13:32","slug":"gioi-thieu","status":"publish","type":"page","link":"https:\/\/demo8.thuythu.com\/vatlieuxaydung\/gioi-thieu\/","title":{"rendered":"Gi\u1edbi thi\u1ec7u"},"content":{"rendered":"<p>Buildy l\u00e0 gi\u1ea3i ph\u00e1p th\u01b0\u01a1ng m\u1ea1i \u0111i\u1ec7n t\u1eeb hi\u1ec7n \u0111\u1ea1i v\u00e0 chuy\u00ean bi\u1ec7t trong l\u0129nh v\u1ef1c b\u00e1n l\u1ebb n\u1ed9i th\u1ed1t, \u0111\u1ed3 trong tr\u00ed v\u00e0 \u0111i\u1ec7n gia d\u1ee5ng trong gia \u0111\u00ecnh, \u0111\u1ecbnh v\u1ecb tr\u1edf th\u00e0nh m\u1ed9t gi\u1ea3i ph\u00e1p ti\u00ean phong trong \u0111\u1ecbnh h\u00ecnh phong c\u00f3ch s\u1ed1ng hi\u1ec7n \u0111\u1ee3i cho c\u00f3 gia ch\u1ee7 tai Vi\u1ec7t Nam v\u00e0 khu v\u1ef1c \u0110\u00f4ng Nam \u00c1 qua s\u1ef1 k\u1ebft h\u1ee3p c\u1ee7a nh\u1eefng th\u01b0\u01a1ng hi\u1ec7u n\u1ed9i th\u1ed1t h\u00e0ng \u0111\u1ea7u v\u1edbi \u0111a d\u1ea1ng phong c\u00e1ch v\u00e0 tr\u1ea3i nghi\u1ec7m mua s\u1eafm xuy\u00ean su\u1ed1t, tr\u1ef1c quan th\u00f4ng qua vi\u1ec7c t\u00edch h\u1ee3p c\u00f3c \u1ee9ng d\u1ee5ng 5D visuolization, Home Siyler, AR v\u00e0 c\u00f3c gi\u1ea3i ph\u00e1p t\u00e0i ch\u00ednh Tr\u1ea3i nghi\u1ec7m mua s\u1eafm kh\u00e1c bi\u1ec7t c\u00f9ng<br \/>\nc\u00f4ng ngh\u1ec7 c\u1ee7a Buildy.<\/p>\n<h3>\u1ee8ng d\u1ee5ng Buildy mobile t\u00edch h\u1ee3p AR (Th\u1ef1c t\u1ebf \u1ea3o t\u0103ng c\u01b0\u1eddng)<\/h3>\n<p>Kh\u00e1ch h\u00e0ng d\u1ec5 d\u00e0ng t\u00ecm ki\u1ebfm s\u1ea3n ph\u1ea9m, thi\u1ebft k\u1ebf n\u1ed9i th\u1ed1t theo \u0111\u00fang phong c\u00e1ch c\u00f3 nh\u00f4n v\u00e0 tr\u1ea3i nghi\u1ec7m mua s\u1eafm tr\u00ean n\u1ec1n t\u1ea3ng Buildy, \u0111\u1eb7c bi\u1ec7t n\u1ec1n t\u1ea3ng \u0111\u01b0\u1ee3c t\u00edch h\u1ee3p c\u00f4ng ngh\u1ec7 AR cho<br \/>\nph\u00e9p ng\u01b0\u1eddi d\u00f9ng \u0111\u1eb7t\/\u01b0\u1edbm th\u1eed n\u1ed9i th\u1ed1t trong kh\u00f4ng gian th\u1ef1c t\u1ebf t\u1ea1i nh\u00e0<\/p>\n<p><img decoding=\"async\" loading=\"lazy\" class=\"alignnone size-full wp-image-2251\" src=\"https:\/\/demo8.thuythu.com\/vatlieuxaydung\/wp-content\/uploads\/2022\/05\/Rectangle-505.png\" alt=\"\" width=\"1411\" height=\"792\" srcset=\"https:\/\/demo8.thuythu.com\/vatlieuxaydung\/wp-content\/uploads\/2022\/05\/Rectangle-505.png 1411w, https:\/\/demo8.thuythu.com\/vatlieuxaydung\/wp-content\/uploads\/2022\/05\/Rectangle-505-300x168.png 300w, https:\/\/demo8.thuythu.com\/vatlieuxaydung\/wp-content\/uploads\/2022\/05\/Rectangle-505-1024x575.png 1024w, https:\/\/demo8.thuythu.com\/vatlieuxaydung\/wp-content\/uploads\/2022\/05\/Rectangle-505-768x431.png 768w, https:\/\/demo8.thuythu.com\/vatlieuxaydung\/wp-content\/uploads\/2022\/05\/Rectangle-505-600x337.png 600w\" sizes=\"(max-width: 1411px) 100vw, 1411px\" \/><\/p>\n<h3>C\u00e1 nh\u00e2n h\u00f3a tr\u1ea3i nghi\u1ec7m v\u1edbi Buildy<\/h3>\n<p>Kh\u00e1ch h\u00e0ng d\u1ec5 d\u00e0ng thay \u0111\u1ed5i\/t\u00f9y ch\u1ec9nh s\u1ea3n ph\u1ea9m m\u1ed9t c\u00e1ch linh ho\u1ea1t v\u1edbi c\u00e1c t\u00f9y ch\u1ecdn v\u1ed9t li\u1ec7u\/m\u00e0u s\u1eafc kh\u00e1c nhou, ki\u1ec3m tra ch\u1ed1t l\u01b0\u1ee3ng s\u1ea3n ph\u1ea9m qua Zoom h\u00ecnh \u1ea3nh ch\u1ebft l\u01b0\u1ee3ng 4K, ch\u1ebf \u0111\u1ed9 xem s\u1ea3n ph\u1ea9m xooy 560 \u0111\u1ed9<\/p>\n","protected":false},"excerpt":{"rendered":"<p>Buildy l\u00e0 gi\u1ea3i ph\u00e1p th\u01b0\u01a1ng m\u1ea1i \u0111i\u1ec7n t\u1eeb hi\u1ec7n \u0111\u1ea1i v\u00e0 chuy\u00ean bi\u1ec7t trong l\u0129nh v\u1ef1c b\u00e1n l\u1ebb n\u1ed9i th\u1ed1t, \u0111\u1ed3 trong tr\u00ed v\u00e0 \u0111i\u1ec7n gia d\u1ee5ng trong gia \u0111\u00ecnh, \u0111\u1ecbnh v\u1ecb tr\u1edf th\u00e0nh m\u1ed9t gi\u1ea3i ph\u00e1p ti\u00ean phong trong \u0111\u1ecbnh h\u00ecnh phong c\u00f3ch s\u1ed1ng hi\u1ec7n \u0111\u1ee3i cho c\u00f3 gia ch\u1ee7 tai Vi\u1ec7t Nam v\u00e0 &#8230; <a title=\"Gi\u1edbi thi\u1ec7u\" class=\"read-more\" href=\"https:\/\/demo8.thuythu.com\/vatlieuxaydung\/gioi-thieu\/\" aria-label=\"More on Gi\u1edbi thi\u1ec7u\">Read more<\/a><\/p>\n","protected":false},"author":1,"featured_media":0,"parent":0,"menu_order":0,"comment_status":"closed","ping_status":"closed","template":"templates\/gioi-thieu.php","meta":{"inline_featured_image":false},"_links":{"self":[{"href":"https:\/\/demo8.thuythu.com\/vatlieuxaydung\/wp-json\/wp\/v2\/pages\/120"}],"collection":[{"href":"https:\/\/demo8.thuythu.com\/vatlieuxaydung\/wp-json\/wp\/v2\/pages"}],"about":[{"href":"https:\/\/demo8.thuythu.com\/vatlieuxaydung\/wp-json\/wp\/v2\/types\/page"}],"author":[{"embeddable":true,"href":"https:\/\/demo8.thuythu.com\/vatlieuxaydung\/wp-json\/wp\/v2\/users\/1"}],"replies":[{"embeddable":true,"href":"https:\/\/demo8.thuythu.com\/vatlieuxaydung\/wp-json\/wp\/v2\/comments?post=120"}],"version-history":[{"count":12,"href":"https:\/\/demo8.thuythu.com\/vatlieuxaydung\/wp-json\/wp\/v2\/pages\/120\/revisions"}],"predecessor-version":[{"id":2958,"href":"https:\/\/demo8.thuythu.com\/vatlieuxaydung\/wp-json\/wp\/v2\/pages\/120\/revisions\/2958"}],"wp:attachment":[{"href":"https:\/\/demo8.thuythu.com\/vatlieuxaydung\/wp-json\/wp\/v2\/media?parent=120"}],"curies":[{"name":"wp","href":"https:\/\/api.w.org\/{rel}","templated":true}]}}