{"id":2338,"date":"2022-05-10T13:54:44","date_gmt":"2022-05-10T06:54:44","guid":{"rendered":"https:\/\/vatlieuxaydung.net.vn\/?page_id=2338"},"modified":"2022-05-10T13:57:25","modified_gmt":"2022-05-10T06:57:25","slug":"chinh-sach-bao-mat","status":"publish","type":"page","link":"https:\/\/demo8.thuythu.com\/vatlieuxaydung\/chinh-sach-bao-mat\/","title":{"rendered":"Ch\u00ednh s\u00e1ch b\u1ea3o m\u1eadt"},"content":{"rendered":"<p>Qu\u00fd kh\u00e1ch c\u00f3 th\u1ec3 \u0111\u1eb7t mua h\u00e0ng c\u00f3 tr\u00ean h\u1ec7 th\u1ed1ng si\u00eau th\u1ecb h\u00e0ng n\u1ed9i \u0111\u1ecba Nh\u1eadt B\u1ea3n theo c\u00e1c c\u00e1ch sau<\/p>\n<h2>C\u00e1ch 1: \u0110\u1eb7t h\u00e0ng tr\u00ean website buildy.vn<\/h2>\n<p>Lorem ipsum dolor sit amet, consectetur adipiscing elit, sed do eiusmod tempor incididunt ut labore et dolore magna aliqua. Ut enim ad minim veniam, quis nostrud exercitation ullamco laboris nisi ut aliquip ex ea commodo consequat. Duis aute irure dolor in reprehenderit in voluptate velit esse cillum dolore eu fugiat nulla pariatur.<\/p>\n<p>Sed ut perspiciatis unde omnis iste natus error sit voluptatem accusantium doloremque laudantium, totam rem aperiam, eaque ipsa quae ab illo inventore veritatis et quasi architecto beatae vitae dicta sunt explicabo.<\/p>\n<p>Nemo enim ipsam voluptatem quia voluptas sit aspernatur aut odit aut fugit, sed quia consequuntur magni dolores eos qui ratione voluptatem sequi nesciunt. Neque porro quisquam est, qui dolorem ipsum quia dolor sit amet, consectetur, adipisci velit, sed quia non numquam eius modi tempora incidunt ut labore et dolore magnam aliquam quaerat voluptatem.<\/p>\n<h2>C\u00e1ch 2: \u0110\u1eb7t mua qua \u0111i\u1ec7n tho\u1ea1i<\/h2>\n<p>Lorem ipsum dolor sit amet, consectetur adipiscing elit, sed do eiusmod tempor incididunt ut labore et dolore magna aliqua. Ut enim ad minim veniam, quis nostrud exercitation ullamco laboris nisi ut aliquip ex ea commodo consequat. Duis aute irure dolor in reprehenderit in voluptate velit esse cillum dolore eu fugiat nulla pariatur.<\/p>\n<h2>C\u00e1ch 3: \u0110\u1eb7t mua qua Facebook<\/h2>\n<p>Ut enim ad minima veniam, quis nostrum exercitationem ullam corporis suscipit laboriosam, nisi ut aliquid ex ea commodi consequatur? Quis autem vel eum iure reprehenderit qui in ea voluptate velit esse quam nihil molestiae consequatur, vel illum qui dolorem eum fugiat quo voluptas nulla pariatur<\/p>\n","protected":false},"excerpt":{"rendered":"<p>Qu\u00fd kh\u00e1ch c\u00f3 th\u1ec3 \u0111\u1eb7t mua h\u00e0ng c\u00f3 tr\u00ean h\u1ec7 th\u1ed1ng si\u00eau th\u1ecb h\u00e0ng n\u1ed9i \u0111\u1ecba Nh\u1eadt B\u1ea3n theo c\u00e1c c\u00e1ch sau C\u00e1ch 1: \u0110\u1eb7t h\u00e0ng tr\u00ean website buildy.vn Lorem ipsum dolor sit amet, consectetur adipiscing elit, sed do eiusmod tempor incididunt ut labore et dolore magna aliqua. Ut enim ad minim veniam, quis nostrud &#8230; <a title=\"Ch\u00ednh s\u00e1ch b\u1ea3o m\u1eadt\" class=\"read-more\" href=\"https:\/\/demo8.thuythu.com\/vatlieuxaydung\/chinh-sach-bao-mat\/\" aria-label=\"More on Ch\u00ednh s\u00e1ch b\u1ea3o m\u1eadt\">Read more<\/a><\/p>\n","protected":false},"author":1,"featured_media":0,"parent":0,"menu_order":0,"comment_status":"closed","ping_status":"closed","template":"templates\/faqs.php","meta":{"inline_featured_image":false},"_links":{"self":[{"href":"https:\/\/demo8.thuythu.com\/vatlieuxaydung\/wp-json\/wp\/v2\/pages\/2338"}],"collection":[{"href":"https:\/\/demo8.thuythu.com\/vatlieuxaydung\/wp-json\/wp\/v2\/pages"}],"about":[{"href":"https:\/\/demo8.thuythu.com\/vatlieuxaydung\/wp-json\/wp\/v2\/types\/page"}],"author":[{"embeddable":true,"href":"https:\/\/demo8.thuythu.com\/vatlieuxaydung\/wp-json\/wp\/v2\/users\/1"}],"replies":[{"embeddable":true,"href":"https:\/\/demo8.thuythu.com\/vatlieuxaydung\/wp-json\/wp\/v2\/comments?post=2338"}],"version-history":[{"count":2,"href":"https:\/\/demo8.thuythu.com\/vatlieuxaydung\/wp-json\/wp\/v2\/pages\/2338\/revisions"}],"predecessor-version":[{"id":2351,"href":"https:\/\/demo8.thuythu.com\/vatlieuxaydung\/wp-json\/wp\/v2\/pages\/2338\/revisions\/2351"}],"wp:attachment":[{"href":"https:\/\/demo8.thuythu.com\/vatlieuxaydung\/wp-json\/wp\/v2\/media?parent=2338"}],"curies":[{"name":"wp","href":"https:\/\/api.w.org\/{rel}","templated":true}]}}