{"id":2369,"date":"2022-05-10T14:58:16","date_gmt":"2022-05-10T07:58:16","guid":{"rendered":"https:\/\/vatlieuxaydung.net.vn\/?page_id=2369"},"modified":"2022-05-10T16:02:34","modified_gmt":"2022-05-10T09:02:34","slug":"dang-ky","status":"publish","type":"page","link":"https:\/\/demo8.thuythu.com\/vatlieuxaydung\/dang-ky\/","title":{"rendered":"\u0110\u0103ng k\u00fd t\u00e0i kho\u1ea3n"},"content":{"rendered":"","protected":false},"excerpt":{"rendered":"","protected":false},"author":1,"featured_media":0,"parent":0,"menu_order":0,"comment_status":"closed","ping_status":"closed","template":"templates\/registration.php","meta":{"inline_featured_image":false},"_links":{"self":[{"href":"https:\/\/demo8.thuythu.com\/vatlieuxaydung\/wp-json\/wp\/v2\/pages\/2369"}],"collection":[{"href":"https:\/\/demo8.thuythu.com\/vatlieuxaydung\/wp-json\/wp\/v2\/pages"}],"about":[{"href":"https:\/\/demo8.thuythu.com\/vatlieuxaydung\/wp-json\/wp\/v2\/types\/page"}],"author":[{"embeddable":true,"href":"https:\/\/demo8.thuythu.com\/vatlieuxaydung\/wp-json\/wp\/v2\/users\/1"}],"replies":[{"embeddable":true,"href":"https:\/\/demo8.thuythu.com\/vatlieuxaydung\/wp-json\/wp\/v2\/comments?post=2369"}],"version-history":[{"count":3,"href":"https:\/\/demo8.thuythu.com\/vatlieuxaydung\/wp-json\/wp\/v2\/pages\/2369\/revisions"}],"predecessor-version":[{"id":2379,"href":"https:\/\/demo8.thuythu.com\/vatlieuxaydung\/wp-json\/wp\/v2\/pages\/2369\/revisions\/2379"}],"wp:attachment":[{"href":"https:\/\/demo8.thuythu.com\/vatlieuxaydung\/wp-json\/wp\/v2\/media?parent=2369"}],"curies":[{"name":"wp","href":"https:\/\/api.w.org\/{rel}","templated":true}]}}