{"id":2876,"date":"2022-07-15T13:12:17","date_gmt":"2022-07-15T06:12:17","guid":{"rendered":"https:\/\/vatlieuxaydung.net.vn\/?post_type=product&#038;p=2876"},"modified":"2023-06-12T22:39:47","modified_gmt":"2023-06-12T15:39:47","slug":"bo-ban-an-spring-mau-tu-nhien","status":"publish","type":"product","link":"https:\/\/demo8.thuythu.com\/vatlieuxaydung\/san-pham\/bo-ban-an-spring-mau-tu-nhien\/","title":{"rendered":"B\u1ed9 b\u00e0n \u0103n Spring m\u00e0u t\u1ef1 nhi\u00ean"},"content":{"rendered":"","protected":false},"excerpt":{"rendered":"","protected":false},"featured_media":2877,"comment_status":"closed","ping_status":"closed","template":"","meta":{"inline_featured_image":false},"product_cat":[22,191,186,189,188,190,187],"product_tag":[],"_links":{"self":[{"href":"https:\/\/demo8.thuythu.com\/vatlieuxaydung\/wp-json\/wp\/v2\/product\/2876"}],"collection":[{"href":"https:\/\/demo8.thuythu.com\/vatlieuxaydung\/wp-json\/wp\/v2\/product"}],"about":[{"href":"https:\/\/demo8.thuythu.com\/vatlieuxaydung\/wp-json\/wp\/v2\/types\/product"}],"replies":[{"embeddable":true,"href":"https:\/\/demo8.thuythu.com\/vatlieuxaydung\/wp-json\/wp\/v2\/comments?post=2876"}],"wp:featuredmedia":[{"embeddable":true,"href":"https:\/\/demo8.thuythu.com\/vatlieuxaydung\/wp-json\/wp\/v2\/media\/2877"}],"wp:attachment":[{"href":"https:\/\/demo8.thuythu.com\/vatlieuxaydung\/wp-json\/wp\/v2\/media?parent=2876"}],"wp:term":[{"taxonomy":"product_cat","embeddable":true,"href":"https:\/\/demo8.thuythu.com\/vatlieuxaydung\/wp-json\/wp\/v2\/product_cat?post=2876"},{"taxonomy":"product_tag","embeddable":true,"href":"https:\/\/demo8.thuythu.com\/vatlieuxaydung\/wp-json\/wp\/v2\/product_tag?post=2876"}],"curies":[{"name":"wp","href":"https:\/\/api.w.org\/{rel}","templated":true}]}}