{"id":4664,"date":"2021-05-24T15:34:31","date_gmt":"2021-05-24T01:34:31","guid":{"rendered":"https:\/\/demo8.thuythu.com\/wepar\/?page_id=4664"},"modified":"2022-11-22T19:55:14","modified_gmt":"2022-11-22T12:55:14","slug":"chinh-sach-doi-tra-bao-hanh","status":"publish","type":"page","link":"https:\/\/demo8.thuythu.com\/wepar\/chinh-sach-doi-tra-bao-hanh\/","title":{"rendered":"Ch\u00ednh s\u00e1ch \u0111\u1ed5i tr\u1ea3-b\u1ea3o h\u00e0nh"},"content":{"rendered":"<div style=\"text-align: justify;\">\n<p style=\"padding-left: 40px; text-align: left;\">\n<p style=\"padding-left: 40px;\"><span style=\"color: #ff0000;\"><b>A. CH\u00cdNH S\u00c1CH B\u1ea2O H\u00c0NH<\/b><\/span><\/p>\n<p style=\"padding-left: 40px;\"><b>I. Th\u1eddi h\u1ea1n b\u1ea3o h\u00e0nh<\/b><\/p>\n<p style=\"padding-left: 40px;\"><span style=\"font-weight: 400;\">C\u00e1c s\u1ea3n ph\u1ea9m v\u1ec1 h\u1ec7 th\u1ed1ng RO b\u00e1n c\u00f4ng nghi\u1ec7p\/c\u00f4ng nghi\u1ec7p c\u1ee7a C\u00f4ng ty TNHH C\u00f4ng ngh\u1ec7 M\u00f4i tr\u01b0\u1eddng Wepar:<\/span><\/p>\n<p style=\"padding-left: 40px;\"><span style=\"font-weight: 400;\">&#8211; M\u00e1y l\u1ecdc n\u01b0\u1edbc Nano n\u00f3ng l\u1ea1nh B\u00e1n c\u00f4ng nghi\u1ec7p.<\/span><\/p>\n<p style=\"padding-left: 40px;\"><span style=\"font-weight: 400;\">&#8211; M\u00e1y l\u1ecdc n\u01b0\u1edbc RO b\u00e1n c\u00f4ng nghi\u1ec7p (c\u00f4ng su\u1ea5t 50 &#8211; 180 l\u00edt\/h)<\/span><\/p>\n<p style=\"padding-left: 40px;\"><span style=\"font-weight: 400;\">&#8211; H\u1ec7 th\u1ed1ng l\u1ecdc n\u01b0\u1edbc RO c\u00f4ng nghi\u1ec7p (RO s\u1ea3n xu\u1ea5t, RO l\u1ecdc nhi\u1ec5m m\u1eb7n, RO \u0111\u00f3ng b\u00ecnh \u0111\u00f3ng chai, RO d\u01b0\u1ee3c ph\u1ea9m, RO n\u01b0\u1edbc u\u1ed1ng&#8230;)<\/span><\/p>\n<p style=\"padding-left: 40px;\"><span style=\"font-weight: 400;\">&#8211; Thi\u1ebft b\u1ecb l\u1ecdc \u0111\u1ea7u ngu\u1ed3n, l\u1ecdc th\u00f4, l\u1ecdc sinh ho\u1ea1t.<\/span><\/p>\n<p style=\"padding-left: 40px;\"><span style=\"font-weight: 400;\">C\u00f3 th\u1eddi gian b\u1ea3o h\u00e0nh 12 th\u00e1ng theo th\u00f4ng tin b\u1ea3o h\u00e0nh quy \u0111\u1ecbnh c\u1ee5 th\u1ec3. Th\u1eddi gian \u0111\u01b0\u1ee3c quy \u0111\u1ecbnh tr\u00ean phi\u1ebfu b\u1ea3o h\u00e0nh.<\/span><\/p>\n<p style=\"padding-left: 40px;\"><b>II. Ph\u1ea1m vi b\u1ea3o h\u00e0nh<\/b><\/p>\n<ol>\n<li style=\"list-style-type: none;\">\n<ol>\n<li><i><span style=\"font-weight: 400;\"> \u0110\u1ecba \u0111i\u1ec3m b\u1ea3o h\u00e0nh:<\/span><\/i><\/li>\n<\/ol>\n<\/li>\n<\/ol>\n<p style=\"padding-left: 40px;\"><span style=\"font-weight: 400;\">T\u1ed5ng c\u00f4ng ty, \u0111\u1ea1i l\u00fd tr\u1ef1c thu\u1ed9c g\u1ea7n nh\u1ea5t c\u1ee7a WEPAR s\u1ebd ti\u1ebfn h\u00e0nh h\u01b0\u1edbng d\u1eabn kh\u1eafc ph\u1ee5c ho\u1eb7c kh\u1eafc ph\u1ee5c tr\u1ef1c ti\u1ebfp t\u1ea1i \u0111\u1ecba \u0111i\u1ec3m l\u1eafp \u0111\u1eb7t cho c\u00e1c s\u1ea3n ph\u1ea9m b\u1ea3o h\u00e0nh.\u00a0\u00a0<\/span><\/p>\n<ol>\n<li style=\"list-style-type: none;\">\n<ol start=\"2\">\n<li><i><span style=\"font-weight: 400;\"> Ph\u1ea1m vi b\u1ea3o h\u00e0nh:<\/span><\/i><\/li>\n<\/ol>\n<\/li>\n<\/ol>\n<p style=\"padding-left: 40px;\"><span style=\"font-weight: 400;\">\u00c1p d\u1ee5ng cho to\u00e0n b\u1ed9 h\u1ec7 th\u1ed1ng RO b\u00e1n c\u00f4ng nghi\u1ec7p\/c\u00f4ng nghi\u1ec7p \u0111\u01b0\u1ee3c l\u1eafp r\u00e1p, s\u1ea3n xu\u1ea5t v\u00e0 ph\u00e2n ph\u1ed1i ch\u00ednh th\u1ee9c b\u1edfi C\u00f4ng ty TNHH C\u00f4ng ngh\u1ec7 M\u00f4i tr\u01b0\u1eddng WEPAR t\u1ea1i th\u1ecb tr\u01b0\u1eddng Vi\u1ec7t Nam.<\/span><\/p>\n<p style=\"padding-left: 40px;\"><b>III. \u0110i\u1ec1u ki\u1ec7n b\u1ea3o h\u00e0nh<\/b><\/p>\n<ol>\n<li style=\"list-style-type: none;\">\n<ol>\n<li><i><span style=\"font-weight: 400;\"> \u00a0 <\/span><\/i><i><span style=\"font-weight: 400;\">Tr\u01b0\u1eddng h\u1ee3p ch\u1ea5p nh\u1eadn b\u1ea3o h\u00e0nh<\/span><\/i><\/li>\n<\/ol>\n<\/li>\n<\/ol>\n<p style=\"padding-left: 40px;\"><span style=\"font-weight: 400;\">S\u1ea3n ph\u1ea9m s\u1ebd \u0111\u01b0\u1ee3c b\u1ea3o h\u00e0nh n\u1ebfu ph\u00f9 h\u1ee3p v\u1edbi c\u00e1c \u0111i\u1ec1u ki\u1ec7n sau:<\/span><\/p>\n<p style=\"padding-left: 40px;\"><span style=\"font-weight: 400;\">&#8211; S\u1ea3n ph\u1ea9m c\u00f2n trong h\u1ea1n b\u1ea3o h\u00e0nh.<\/span><\/p>\n<p style=\"padding-left: 40px;\"><span style=\"font-weight: 400;\">&#8211; Tem b\u1ea3o h\u00e0nh ph\u1ea3i c\u00f2n nguy\u00ean v\u1eb9n, kh\u00f4ng r\u00e1ch r\u1eddi, t\u1ea9y x\u00f3a.<\/span><\/p>\n<p style=\"padding-left: 40px;\"><span style=\"font-weight: 400;\">&#8211; H\u01b0 h\u1ecfng do ch\u1ea5t l\u01b0\u1ee3ng linh ki\u1ec7n hay l\u1ed7i quy tr\u00ecnh s\u1ea3n xu\u1ea5t.<\/span><\/p>\n<p style=\"padding-left: 40px;\"><span style=\"font-weight: 400;\">&#8211; S\u1ea3n ph\u1ea9m kh\u00f4ng n\u1eb1m trong tr\u01b0\u1eddng h\u1ee3p b\u1ecb t\u1eeb ch\u1ed1i b\u1ea3o h\u00e0nh.<\/span><\/p>\n<ol>\n<li style=\"list-style-type: none;\">\n<ol start=\"2\">\n<li><i><span style=\"font-weight: 400;\">S\u1ea3n ph\u1ea9m t\u1eeb ch\u1ed1i b\u1ea3o h\u00e0nh<\/span><\/i><\/li>\n<\/ol>\n<\/li>\n<\/ol>\n<p style=\"padding-left: 40px;\"><span style=\"font-weight: 400;\">&#8211; S\u1ea3n ph\u1ea9m h\u1ebft h\u1ea1n b\u1ea3o h\u00e0nh.<\/span><\/p>\n<p style=\"padding-left: 40px;\"><span style=\"font-weight: 400;\">&#8211; Linh ki\u1ec7n ti\u00eau hao nh\u01b0 l\u00f5i l\u1ecdc, m\u00e0ng l\u1ecdc, \u0111\u00e8n UV, v\u1eadt li\u1ec7u l\u1ecdc\u2026 do c\u1ea7n ph\u1ea3i thay th\u1ebf \u0111\u1ecbnh k\u1ef3.<\/span><\/p>\n<p style=\"padding-left: 40px;\"><span style=\"font-weight: 400;\">&#8211; S\u1ea3n ph\u1ea9m thu\u1ed9c m\u1ed9t trong nh\u1eefng \u0111i\u1ec1u ki\u1ec7n sau s\u1ebd b\u1ecb t\u1eeb ch\u1ed1i b\u1ea3o h\u00e0nh.<\/span><\/p>\n<p style=\"padding-left: 40px;\"><span style=\"font-weight: 400;\">&#8211; Kh\u00f4ng b\u1ea3o h\u00e0nh tr\u01b0\u1eddng h\u1ee3p b\u1ecb t\u00e1c \u0111\u1ed9ng ngo\u1ea1i l\u1ef1c ho\u1eb7c do thi\u00ean tai, ho\u1ea3 ho\u1ea1n, l\u1ee5t l\u1ed9i, s\u00e9t \u0111\u00e1nh, r\u1ec9 s\u00e9t\u2026ho\u1eb7c do \u00e1p l\u1ef1c s\u1ef1 c\u1ed1 b\u00ean ngo\u00e0i.<\/span><\/p>\n<p style=\"padding-left: 40px;\"><span style=\"font-weight: 400;\">&#8211; S\u1ea3n ph\u1ea9m b\u1ecb h\u01b0 do d\u00f9ng sai \u0111i\u1ec7n th\u1ebf ch\u1ec9 \u0111\u1ecbnh.<\/span><\/p>\n<p style=\"padding-left: 40px;\"><span style=\"font-weight: 400;\">&#8211; Kh\u00e1ch h\u00e0ng g\u00e2y n\u00ean nh\u1eefng khuy\u1ebft t\u1eadt nh\u01b0 bi\u1ebfn d\u1ea1ng, r\u01a1i v\u1ee1 , tr\u1ea7y x\u01b0\u1edbc \u2026<\/span><\/p>\n<p style=\"padding-left: 40px;\"><span style=\"font-weight: 400;\">&#8211; S\u1ea3n ph\u1ea9m \u0111\u01b0\u1ee3c l\u1eafp \u0111\u1eb7t, b\u1ea3o tr\u00ec, s\u1eed d\u1ee5ng kh\u00f4ng \u0111\u00fang theo s\u00e1ch h\u01b0\u1edbng d\u1eabn c\u1ee7a h\u00e3ng g\u00e2y ra h\u01b0 h\u1ecfng.<\/span><\/p>\n<p style=\"padding-left: 40px;\"><span style=\"font-weight: 400;\">&#8211; S\u1ea3n ph\u1ea9m b\u1ecb thay \u0111\u1ed5i, s\u1eeda ch\u1eefa b\u1edfi k\u1ef9 thu\u1eadt vi\u00ean kh\u00f4ng tr\u1ef1c thu\u1ed9c c\u1ee7a c\u00f4ng ty.<\/span><\/p>\n<p style=\"padding-left: 40px;\"><span style=\"font-weight: 400;\">&#8211; S\u1ea3n ph\u1ea9m kh\u00f4ng ph\u1ea3i h\u00e0ng ch\u00ednh h\u00e3ng do C\u00f4ng ty cung c\u1ea5p.<\/span><\/p>\n<p style=\"padding-left: 40px;\"><span style=\"font-weight: 400;\">&#8211; R\u1ec9 s\u00e9t, b\u1ea1c m\u00e0u t\u1ef1 nhi\u00ean, hao m\u00f2n t\u1ef1 nhi\u00ean c\u1ee7a c\u00e1c linh ki\u1ec7n theo th\u1eddi gian s\u1eed d\u1ee5ng.<\/span><\/p>\n<ol>\n<li style=\"list-style-type: none;\">\n<ol start=\"3\">\n<li><i><span style=\"font-weight: 400;\">L\u01b0u \u00fd v\u00e0 chi ti\u1ebft b\u1ea3o h\u00e0nh c\u00e1c h\u1ec7 th\u1ed1ng b\u00e1n c\u00f4ng nghi\u1ec7p\/c\u00f4ng nghi\u1ec7p RO.<\/span><\/i><\/li>\n<\/ol>\n<\/li>\n<\/ol>\n<p style=\"padding-left: 40px;\"><span style=\"font-weight: 400;\">C\u00e1c linh ki\u1ec7n ti\u00eau hao c\u1ea7n \u0111\u01b0\u1ee3c thay th\u1ebf \u0111\u1ecbnh k\u1ef3 n\u00ean kh\u00f4ng \u0111\u01b0\u1ee3c b\u1ea3o h\u00e0nh nh\u01b0: b\u00f3ng \u0111\u00e8n UV, M\u00e0ng l\u1ecdc (RO, UF\u2026), l\u00f5i l\u1ecdc n\u01b0\u1edbc, v\u1eadt li\u1ec7u l\u1ecdc n\u01b0\u1edbc\u2026<\/span><\/p>\n<p style=\"padding-left: 40px;\"><em><span style=\"font-weight: 400;\">*M\u00e1y l\u1ecdc n\u01b0\u1edbc Nano n\u00f3ng l\u1ea1nh B\u00e1n c\u00f4ng nghi\u1ec7p<\/span><\/em><\/p>\n<p style=\"padding-left: 40px;\"><span style=\"font-weight: 400;\">B\u1ea3o h\u00e0nh 12 th\u00e1ng v\u1edbi \u0111i\u1ec1u ki\u1ec7n thay l\u00f5i l\u1ecdc \u0111\u00fang \u0111\u1ecbnh k\u1ef3.<\/span><\/p>\n<p style=\"padding-left: 40px;\"><span style=\"font-weight: 400;\">B\u1ea3o h\u00e0nh g\u1ed3m c\u00e1c linh ph\u1ee5 ki\u1ec7n \u0111i\u1ec7n t\u1eed, c\u00e1c linh ph\u1ee5 ki\u1ec7n thi\u1ebft b\u1ecb v\u1ecf l\u1ecdc, Block l\u1ea1nh, B\u00ecnh N\u00f3ng, \u0111i\u1ec7n tr\u1edf.<\/span><\/p>\n<p style=\"padding-left: 40px;\"><span style=\"font-weight: 400;\">Kh\u00f4ng b\u1ea3o h\u00e0nh c\u00e1c tr\u01b0\u1eddng h\u1ee3p theo M\u1ee5c III \u2013 \u0110i\u1ec1u 2: S\u1ea3n ph\u1ea9m t\u1eeb ch\u1ed1i b\u1ea3o h\u00e0nh.<\/span><\/p>\n<p style=\"padding-left: 40px;\"><em><span style=\"font-weight: 400;\">*M\u00e1y l\u1ecdc n\u01b0\u1edbc RO b\u00e1n c\u00f4ng nghi\u1ec7p (c\u00f4ng su\u1ea5t 50 &#8211; 180 l\u00edt\/h)<\/span><\/em><\/p>\n<p style=\"padding-left: 40px;\"><span style=\"font-weight: 400;\">B\u1ea3o h\u00e0nh 12 th\u00e1ng v\u1edbi \u0111i\u1ec1u ki\u1ec7n thay l\u00f5i l\u1ecdc \u0111\u00fang \u0111\u1ecbnh k\u1ef3.<\/span><\/p>\n<p style=\"padding-left: 40px;\"><span style=\"font-weight: 400;\">B\u1ea3o h\u00e0nh g\u1ed3m b\u01a1m, c\u00e1c linh ph\u1ee5 ki\u1ec7n \u0111i\u1ec7n t\u1eed, c\u00e1c linh ph\u1ee5 ki\u1ec7n thi\u1ebft b\u1ecb v\u1ecf l\u1ecdc.<\/span><\/p>\n<p style=\"padding-left: 40px;\"><span style=\"font-weight: 400;\">Kh\u00f4ng b\u1ea3o h\u00e0nh c\u00e1c tr\u01b0\u1eddng h\u1ee3p theo M\u1ee5c III \u2013 \u0110i\u1ec1u 2: S\u1ea3n ph\u1ea9m t\u1eeb ch\u1ed1i b\u1ea3o h\u00e0nh.<\/span><\/p>\n<p style=\"padding-left: 40px;\"><em><span style=\"font-weight: 400;\">*H\u1ec7 th\u1ed1ng l\u1ecdc n\u01b0\u1edbc RO c\u00f4ng nghi\u1ec7p:<\/span><span style=\"font-weight: 400;\"> (RO s\u1ea3n xu\u1ea5t, RO l\u1ecdc nhi\u1ec5m m\u1eb7n, RO \u0111\u00f3ng b\u00ecnh \u0111\u00f3ng chai, RO d\u01b0\u1ee3c ph\u1ea9m, RO n\u01b0\u1edbc u\u1ed1ng&#8230;)<\/span><\/em><\/p>\n<p style=\"padding-left: 40px;\"><span style=\"font-weight: 400;\">B\u1ea3o h\u00e0nh 12 th\u00e1ng v\u1edbi \u0111i\u1ec1u ki\u1ec7n thay l\u00f5i l\u1ecdc, v\u1eadt li\u1ec7u l\u1ecdc \u0111\u00fang \u0111\u1ecbnh k\u1ef3.<\/span><\/p>\n<p style=\"padding-left: 40px;\"><span style=\"font-weight: 400;\">B\u1ea3o h\u00e0nh g\u1ed3m b\u01a1m, c\u00e1c linh ph\u1ee5 ki\u1ec7n \u0111i\u1ec7n t\u1eed, c\u00e1c linh ph\u1ee5 ki\u1ec7n thi\u1ebft b\u1ecb v\u1ecf l\u1ecdc.<\/span><\/p>\n<p style=\"padding-left: 40px;\"><span style=\"font-weight: 400;\">Kh\u00f4ng b\u1ea3o h\u00e0nh c\u00e1c tr\u01b0\u1eddng h\u1ee3p theo M\u1ee5c III \u2013 \u0110i\u1ec1u 2: S\u1ea3n ph\u1ea9m t\u1eeb ch\u1ed1i b\u1ea3o h\u00e0nh.<\/span><\/p>\n<p style=\"padding-left: 40px;\"><em><span style=\"font-weight: 400;\">*Thi\u1ebft b\u1ecb l\u1ecdc \u0111\u1ea7u ngu\u1ed3n, l\u1ecdc th\u00f4, l\u1ecdc sinh ho\u1ea1t<\/span><\/em><\/p>\n<p style=\"padding-left: 40px;\"><span style=\"font-weight: 400;\">B\u1ea3o h\u00e0nh 12 th\u00e1ng v\u1edbi \u0111i\u1ec1u ki\u1ec7n thay l\u00f5i l\u1ecdc \u0111\u00fang \u0111\u1ecbnh k\u1ef3.<\/span><\/p>\n<p style=\"padding-left: 40px;\"><span style=\"font-weight: 400;\">B\u1ea3o h\u00e0nh g\u1ed3m c\u00e1c linh ph\u1ee5 ki\u1ec7n, van, thi\u1ebft b\u1ecb v\u1ecf l\u1ecdc.<\/span><\/p>\n<p style=\"padding-left: 40px;\"><span style=\"font-weight: 400;\">Kh\u00f4ng b\u1ea3o h\u00e0nh c\u00e1c tr\u01b0\u1eddng h\u1ee3p theo M\u1ee5c III \u2013 \u0110i\u1ec1u 2: S\u1ea3n ph\u1ea9m t\u1eeb ch\u1ed1i b\u1ea3o h\u00e0nh.<\/span><\/p>\n<p style=\"padding-left: 40px;\"><span style=\"font-weight: 400;\">Ngo\u00e0i ra, do \u0111\u1eb7c th\u00f9 ng\u00e0nh, n\u00ean m\u1ed9t s\u1ed1 thi\u1ebft b\u1ecb, linh ki\u1ec7n, ph\u1ee5 s\u1ebd kh\u00f4ng n\u1eb1m trong ph\u1ea1m vi b\u1ea3o h\u00e0nh. Th\u00f4ng tin chi ti\u1ebft vui l\u00f2ng li\u00ean h\u1ec7 qua email: sale@demo8.thuythu.com ho\u1eb7c S\u0110T: 0902.975.550| 0902.640.009<\/span><\/p>\n<p style=\"padding-left: 40px;\"><span style=\"color: #ff0000;\"><b>B. CH\u00cdNH S\u00c1CH \u0110\u1ed4I TR\u1ea2<\/b><\/span><\/p>\n<ol>\n<li style=\"list-style-type: none;\">\n<ol>\n<li><b> Th\u1eddi h\u1ea1n \u0111\u1ed5i tr\u1ea3 s\u1ea3n ph\u1ea9m<\/b><\/li>\n<\/ol>\n<\/li>\n<\/ol>\n<p style=\"padding-left: 40px;\"><span style=\"font-weight: 400;\">C\u00f4ng ty TNHH C\u00f4ng ngh\u1ec7 M\u00f4i tr\u01b0\u1eddng Wepar lu\u00f4n \u0111\u1ea7u t\u01b0 v\u00e0o s\u1ea3n ph\u1ea9m, ki\u1ec3m tra k\u1ef9 l\u01b0\u1ee1ng tr\u01b0\u1edbc khi giao h\u00e0ng. Do \u0111\u00f3, r\u1ea5t hi\u1ebfm x\u1ea3y ra tr\u01b0\u1eddng h\u1ee3p kh\u00e1ch h\u00e0ng mu\u1ed1n \u0111\u1ed5i tr\u1ea3. Tuy nhi\u00ean ch\u00fang t\u00f4i v\u1eabn cam k\u1ebft \u0111\u1ed5i\/tr\u1ea3 s\u1ea3n ph\u1ea9m. N\u1ebfu l\u1ed7i s\u1ea3n ph\u1ea9m \u0111\u1ebfn t\u1eeb nh\u00e0 s\u1ea3n xu\u1ea5t v\u00e0 \u0111\u01b0\u1ee3c ph\u00e1t hi\u1ec7n ngay khi kh\u00e1ch h\u00e0ng k\u00fd nh\u1eadn t\u00ecnh tr\u1ea1ng s\u1ea3n ph\u1ea9m.<\/span><\/p>\n<ol>\n<li style=\"list-style-type: none;\">\n<ol start=\"2\">\n<li><b> Tr\u01b0\u1eddng h\u1ee3p \u0111\u1ed5i tr\u1ea3 s\u1ea3n ph\u1ea9m<\/b><\/li>\n<\/ol>\n<\/li>\n<\/ol>\n<p style=\"padding-left: 40px;\"><span style=\"font-weight: 400;\">&#8211; S\u1ea3n ph\u1ea9m ch\u01b0a qua s\u1eed d\u1ee5ng.<\/span><\/p>\n<p style=\"padding-left: 40px;\"><span style=\"font-weight: 400;\">&#8211; S\u1ea3n ph\u1ea9m kh\u00f4ng \u0111\u00fang ch\u1ee7ng lo\u1ea1i, m\u1eabu m\u00e3 nh\u01b0 Qu\u00fd kh\u00e1ch \u0111\u1eb7t h\u00e0ng.<\/span><\/p>\n<p style=\"padding-left: 40px;\"><span style=\"font-weight: 400;\">&#8211; S\u1ea3n ph\u1ea9m kh\u00f4ng \u0111\u1ee7 s\u1ed1 l\u01b0\u1ee3ng, kh\u00f4ng \u0111\u1ee7 b\u1ed9 nh\u01b0 trong \u0111\u01a1n h\u00e0ng.<\/span><\/p>\n<p style=\"padding-left: 40px;\"><span style=\"font-weight: 400;\">&#8211; S\u1ea3n ph\u1ea9m b\u1ecb m\u00f3p m\u00e9o, b\u1ec3 v\u1ee1 x\u1ea3y ra trong qu\u00e1 tr\u00ecnh v\u1eadn chuy\u1ec3n giao h\u00e0ng\u2026<\/span><\/p>\n<p style=\"padding-left: 40px;\"><span style=\"font-weight: 400;\">&#8211; \u0110i\u1ec1u ki\u1ec7n \u0111\u1ed5i\/tr\u1ea3 h\u00e0ng: S\u1ea3n ph\u1ea9m \u0111\u1ed5i\/tr\u1ea3 ph\u1ea3i c\u00f2n nguy\u00ean v\u1eb9n, \u0111\u1ea7y \u0111\u1ee7 linh ph\u1ee5 ki\u1ec7n, bao b\u00ec, h\u00f3a \u0111\u01a1n ch\u1ee9ng t\u1eeb\u2026v\u00e0 th\u1ef1c hi\u1ec7n th\u1ee7 t\u1ee5c, quy tr\u00ecnh \u0111\u1ed5i\/tr\u1ea3 s\u1ea3n ph\u1ea9m theo \u0111\u00fang quy \u0111inh.<\/span><\/p>\n<ol>\n<li style=\"list-style-type: none;\">\n<ol start=\"3\">\n<li><b> Tr\u01b0\u1eddng h\u1ee3p t\u1eeb ch\u1ed1i \u0111\u1ed5i tr\u1ea3 s\u1ea3n ph\u1ea9m<\/b><\/li>\n<\/ol>\n<\/li>\n<\/ol>\n<p style=\"padding-left: 40px;\"><span style=\"font-weight: 400;\">&#8211; Qu\u00fd kh\u00e1ch mu\u1ed1n thay \u0111\u1ed5i ch\u1ee7ng lo\u1ea1i, m\u1eabu m\u00e3 nh\u01b0ng kh\u00f4ng th\u00f4ng b\u00e1o v\u00e0 th\u1ecfa thu\u1eadn tr\u01b0\u1edbc.<\/span><\/p>\n<p style=\"padding-left: 40px;\"><span style=\"font-weight: 400;\">&#8211; Qu\u00fd kh\u00e1ch t\u1ef1 l\u00e0m r\u00e1ch ho\u1eb7c thi\u1ebfu m\u1ea5t bao b\u00ec, tr\u1ea7y x\u01b0\u1edbc, m\u00f3p m\u00e9o, b\u1ec3 v\u1ee1, thi\u1ebfu m\u1ea5t linh ph\u1ee5 ki\u1ec7n\u2026<\/span><\/p>\n<p style=\"padding-left: 40px;\"><span style=\"font-weight: 400;\">&#8211; Qu\u00fd kh\u00e1ch v\u1eadn h\u00e0nh kh\u00f4ng \u0111\u00fang ch\u1ec9 d\u1eabn g\u00e2y h\u01b0 h\u1ecfng h\u00e0ng h\u00f3a.<\/span><\/p>\n<p style=\"padding-left: 40px;\"><span style=\"font-weight: 400;\">&#8211; Qu\u00fd kh\u00e1ch kh\u00f4ng th\u1ef1c hi\u1ec7n \u0111\u00fang c\u00e1c quy \u0111\u1ecbnh theo y\u00eau c\u1ea7u \u0111\u1ec3 \u0111\u01b0\u1ee3c h\u01b0\u1edfng ch\u1ebf \u0111\u1ed9 b\u1ea3o h\u00e0nh.<\/span><\/p>\n<p style=\"padding-left: 40px;\"><span style=\"font-weight: 400;\">&#8211; Qu\u00fd kh\u00e1ch \u0111\u00e3 ki\u1ec3m tra v\u00e0 k\u00fd nh\u1eadn t\u00ecnh tr\u1ea1ng h\u00e0ng h\u00f3a nh\u01b0ng kh\u00f4ng c\u00f3 ph\u1ea3n h\u1ed3i trong v\u00f2ng 24h k\u1ec3 t\u1eeb l\u00fac k\u00fd nh\u1eadn h\u00e0ng.<\/span><\/p>\n<p style=\"padding-left: 40px;\"><span style=\"font-weight: 400;\">&#8211; H\u00e0ng h\u00f3a kh\u00f4ng c\u00f3 \u0111\u1ea7y \u0111\u1ee7 c\u00e1c ch\u1ee9ng t\u1eeb k\u00e8m theo nh\u01b0: H\u00f3a \u0111\u01a1n mua h\u00e0ng, Phi\u1ebfu b\u1ea3o h\u00e0nh\u2026<\/span><\/p>\n<p style=\"padding-left: 40px;\"><i><span style=\"font-weight: 400;\">*M\u1ed9t v\u00e0i l\u01b0u \u00fd:<\/span><\/i><\/p>\n<p style=\"padding-left: 40px;\"><span style=\"font-weight: 400;\">&#8211; Nh\u01b0 \u0111\u00e3 n\u00f3i, Qu\u00fd kh\u00e1ch vui l\u00f2ng ki\u1ec3m tra h\u00e0ng h\u00f3a v\u00e0 k\u00fd nh\u1eadn t\u00ecnh tr\u1ea1ng v\u1edbi Nh\u00e2n vi\u00ean giao h\u00e0ng ngay khi nh\u1eadn \u0111\u01b0\u1ee3c h\u00e0ng. Khi ph\u00e1t hi\u1ec7n m\u1ed9t trong c\u00e1c tr\u01b0\u1eddng h\u1ee3p tr\u00ean, Qu\u00fd kh\u00e1ch c\u00f3 th\u1ec3 trao \u0111\u1ed5i tr\u1ef1c ti\u1ebfp v\u1edbi Nh\u00e2n vi\u00ean giao h\u00e0ng ho\u1eb7c ph\u1ea3n h\u1ed3i cho ch\u00fang t\u00f4i trong v\u00f2ng 24h theo s\u1ed1 \u0111i\u1ec7n tho\u1ea1i\u00a0 0902.975.550| 0902.640.009\u00a0 ho\u1eb7c email: <\/span><b>sale@demo8.thuythu.com<\/b><\/p>\n<p style=\"padding-left: 40px;\"><span style=\"font-weight: 400;\">&#8211; Vi\u1ec7c \u0111\u1ed5i\/tr\u1ea3 h\u00e0ng, s\u1eeda ch\u1eefa s\u1ebd \u0111\u01b0\u1ee3c th\u1ef1c hi\u1ec7n theo \u0111\u00fang quy \u0111\u1ecbnh c\u1ee7a nh\u00e0 cung c\u1ea5p, nh\u00e0 s\u1ea3n xu\u1ea5t, ho\u1eb7c nh\u00e0 b\u1ea3o h\u00e0nh \u0111\u01b0\u1ee3c \u1ee7y quy\u1ec1n c\u1ee7a nh\u00e0 cung c\u1ea5p, nh\u00e0 s\u1ea3n xu\u1ea5t \u0111\u00f3.<\/span><\/p>\n<p style=\"padding-left: 40px;\"><span style=\"color: #ff0000;\"><b>C. CH\u00cdNH S\u00c1CH B\u1ea2O H\u00c0NH \u2013 \u0110\u1ed4I TR\u1ea2 LI\u00caN QUAN<\/b><\/span><\/p>\n<p style=\"padding-left: 40px;\"><span style=\"font-weight: 400;\">WEPAR kh\u00f4ng nh\u1eefng cung c\u1ea5p v\u00e0 ph\u00e2n ph\u1ed1i c\u00e1c d\u00f2ng m\u00e1y b\u00e1n c\u00f4ng nghi\u1ec7p\/c\u00f4ng nghi\u1ec7p quy m\u00f4, c\u00f4ng su\u1ea5t l\u1edbn nh\u01b0:<\/span><\/p>\n<p style=\"padding-left: 40px;\"><span style=\"font-weight: 400;\">&#8211; H\u1ec7 th\u1ed1ng l\u1ecdc n\u01b0\u1edbc RO c\u00f4ng nghi\u1ec7p.<\/span><\/p>\n<p style=\"padding-left: 40px;\"><span style=\"font-weight: 400;\">&#8211; Thi\u1ebft b\u1ecb l\u1ecdc t\u1ed5ng \u0111\u1ea7u ngu\u1ed3n sinh ho\u1ea1t, l\u1ecdc ph\u00e8n, l\u1ecdc n\u01b0\u1edbc \u0111\u1ed9 c\u1ee9ng, n\u01b0\u1edbc h\u00f4i, c\u00e1t, b\u00f9n, \u00f4 nhi\u1ec5m\u2026<\/span><\/p>\n<p style=\"padding-left: 40px;\"><span style=\"font-weight: 400;\">&#8211; M\u00e1y l\u1ecdc n\u01b0\u1edbc k\u1ebft h\u1ee3p v\u1edbi l\u1ecdc n\u01b0\u1edbc n\u00f3ng l\u1ea1nh c\u00f4ng su\u1ea5t l\u1edbn.<\/span><\/p>\n<p style=\"padding-left: 40px;\"><span style=\"font-weight: 400;\">&#8211; D\u00e2y chuy\u1ec1n l\u1ecdc n\u01b0\u1edbc \u0111\u00f3ng b\u00ecnh \u0111\u00f3ng chai, d\u00e2y chuy\u1ec1n l\u1ecdc n\u01b0\u1edbc tinh khi\u1ebft (d\u00f9ng trong s\u1ea3n xu\u1ea5t, r\u1eeda d\u1ee5ng c\u1ee5 y khoa,\u2026)<\/span><\/p>\n<p style=\"padding-left: 40px;\"><span style=\"font-weight: 400;\">&#8211; Thi\u1ebft b\u1ecb, linh ph\u1ee5 ki\u1ec7n ng\u00e0nh n\u01b0\u1edbc; V\u1eadt li\u1ec7u l\u1ecdc n\u01b0\u1edbc\u2026<\/span><\/p>\n<p style=\"padding-left: 40px;\"><span style=\"font-weight: 400;\">M\u00e0 c\u00f2n chuy\u00ean ph\u00e2n ph\u1ed1i c\u00e1c d\u00f2ng s\u1ea3n ph\u1ea9m M\u00e1y l\u1ecdc n\u01b0\u1edbc gia \u0111\u00ecnh v\u00e0 C\u00e2y n\u00f3ng l\u1ea1nh RO WEPAR.<\/span><\/p>\n<p style=\"padding-left: 40px;\">&gt;&gt;\u00a0 Xem th\u00eam CH\u00cdNH S\u00c1CH B\u1ea2O H\u00c0NH \u2013 \u0110\u1ed4I TR\u1ea2 cho M\u00e1y l\u1ecdc n\u01b0\u1edbc gia \u0111\u00ecnh v\u00e0 C\u00e2y n\u00f3ng l\u1ea1nh RO WEPAR t\u1ea1i:\u00a0\u00a0<a href=\"http:\/\/maylocnuocwepar.vn\/chinh-sach-bao-hanh-doi-tra\/\">http:\/\/maylocnuocwepar.vn\/chinh-sach-bao-hanh-doi-tra\/<\/a><\/p>\n<p style=\"padding-left: 40px;\"><span style=\"color: #ff0000;\"><b>D. CAM K\u1ebeT<\/b><\/span><\/p>\n<p style=\"padding-left: 40px;\"><span style=\"font-weight: 400;\">&#8211; S\u1ef1 h\u00e0i l\u00f2ng c\u1ee7a kh\u00e1ch h\u00e0ng ch\u00ednh l\u00e0 \u0111\u1ed9ng l\u1ef1c cho ch\u00fang t\u00f4i l\u00e0m vi\u1ec7c.<\/span><\/p>\n<p style=\"padding-left: 40px;\"><span style=\"font-weight: 400;\">&#8211; L\u00e0m vi\u1ec7c v\u1edbi c\u1ea3 t\u00e2m huy\u1ebft v\u00e0 t\u1ea5m l\u00f2ng.<\/span><\/p>\n<p style=\"padding-left: 40px;\"><span style=\"font-weight: 400;\">&#8211; Lu\u00f4n l\u00e0m vi\u1ec7c m\u1ed9t c\u00e1ch t\u00e2m huy\u1ebft v\u00e0 nhi\u1ec7t t\u00ecnh.<\/span><\/p>\n<p style=\"padding-left: 40px;\"><span style=\"font-weight: 400;\">&#8211; B\u1ea3o h\u00e0nh trong th\u1eddi gian nh\u1eafn nh\u1ea5t c\u00f3 th\u1ec3.<\/span><\/p>\n<p style=\"padding-left: 40px;\"><span style=\"font-weight: 400;\">&#8211; L\u00e0m vi\u1ec7c cho \u0111\u1ebfn khi kh\u00e1ch h\u00e0ng c\u1ea3m th\u1ea5y h\u00e0i l\u00f2ng.<\/span><\/p>\n<p style=\"padding-left: 40px;\"><span style=\"font-weight: 400;\">&#8211; Lu\u00f4n cung c\u1ea5p c\u00e1c s\u1ea3n ph\u1ea9m v\u1edbi ch\u1ea5t l\u01b0\u1ee3ng cao.<\/span><\/p>\n<p style=\"padding-left: 40px;\"><span style=\"font-weight: 400;\">&#8211; C\u00e1c k\u1ef9 s\u01b0 t\u1ea1i Wepar l\u00e0 nh\u1eefng ng\u01b0\u1eddi c\u00f3 ki\u1ebfn th\u1ee9c chuy\u00ean m\u00f4n v\u1eefng ch\u1eafc, kinh nghi\u1ec7m l\u00e0m vi\u1ec7c d\u00e0y d\u1eb7n.<\/span><\/p>\n<p style=\"padding-left: 40px;\"><span style=\"color: #ff0000;\"><b>E. TH\u00d4NG TIN LI\u00caN H\u1ec6<\/b><\/span><\/p>\n<p style=\"padding-left: 40px;\"><div class=\"content_block\" id=\"custom_post_widget-2936\"><div class=\"call-us\">\n<div class=\"call-us__left\"><a class=\"btn-tel fl\" href=\"tel:0934195657\"><i class=\"fa fa-phone\"><\/i><strong> 0934 195657<\/strong><\/a><\/div>\n<div class=\"call-us__right\"><a class=\"btn-tel fl\" href=\"tel:0902975550 \"><i class=\"fa fa-phone\"><\/i><strong> 0902 975550 <\/strong><br \/>\n<\/a><\/div>\n<div style=\"clear: both;\"><\/div>\n<p>&nbsp;<\/p>\n<div style=\"margin-top: 10px;\">\n<p><strong>C\u00d4NG TY TNHH C\u00d4NG NGH\u1ec6 M\u00d4I TR\u01af\u1edcNG WEPAR<\/strong><\/p>\n<ul>\n<li>T\u1ed5ng c\u00f4ng ty: 181 B\u00ecnh Long, Ph\u01b0\u1eddng B\u00ecnh H\u01b0ng H\u00f2a A, Qu\u1eadn B\u00ecnh T\u00e2n, TP HCM<\/li>\n<li>Hotline: 0902975550 &#8211; 0934195657 &#8211; 0902640009<\/li>\n<li>Email:\u00a0<a href=\"mailto:info@demo8.thuythu.com\">info@demo8.thuythu.com<\/a><\/li>\n<\/ul>\n<\/div>\n<\/div>\n<\/div>\n<p style=\"padding-left: 40px;\">\n<\/div>\n","protected":false},"excerpt":{"rendered":"<p>A. CH\u00cdNH S\u00c1CH B\u1ea2O H\u00c0NH I. Th\u1eddi h\u1ea1n b\u1ea3o h\u00e0nh C\u00e1c s\u1ea3n ph\u1ea9m v\u1ec1 h\u1ec7 th\u1ed1ng RO b\u00e1n c\u00f4ng nghi\u1ec7p\/c\u00f4ng nghi\u1ec7p c\u1ee7a C\u00f4ng ty TNHH C\u00f4ng ngh\u1ec7 M\u00f4i tr\u01b0\u1eddng Wepar: &#8211; M\u00e1y l\u1ecdc n\u01b0\u1edbc Nano n\u00f3ng l\u1ea1nh B\u00e1n c\u00f4ng nghi\u1ec7p. &#8211; M\u00e1y l\u1ecdc n\u01b0\u1edbc RO b\u00e1n c\u00f4ng nghi\u1ec7p (c\u00f4ng su\u1ea5t 50 &#8211; 180 l\u00edt\/h) &#8211; [&hellip;]<\/p>\n","protected":false},"author":2,"featured_media":0,"parent":0,"menu_order":0,"comment_status":"closed","ping_status":"closed","template":"","meta":{"_acf_changed":false,"footnotes":""},"acf":[],"_links":{"self":[{"href":"https:\/\/demo8.thuythu.com\/wepar\/wp-json\/wp\/v2\/pages\/4664"}],"collection":[{"href":"https:\/\/demo8.thuythu.com\/wepar\/wp-json\/wp\/v2\/pages"}],"about":[{"href":"https:\/\/demo8.thuythu.com\/wepar\/wp-json\/wp\/v2\/types\/page"}],"author":[{"embeddable":true,"href":"https:\/\/demo8.thuythu.com\/wepar\/wp-json\/wp\/v2\/users\/2"}],"replies":[{"embeddable":true,"href":"https:\/\/demo8.thuythu.com\/wepar\/wp-json\/wp\/v2\/comments?post=4664"}],"version-history":[{"count":0,"href":"https:\/\/demo8.thuythu.com\/wepar\/wp-json\/wp\/v2\/pages\/4664\/revisions"}],"wp:attachment":[{"href":"https:\/\/demo8.thuythu.com\/wepar\/wp-json\/wp\/v2\/media?parent=4664"}],"curies":[{"name":"wp","href":"https:\/\/api.w.org\/{rel}","templated":true}]}}