{"id":9866,"date":"2022-11-21T15:00:12","date_gmt":"2022-11-21T08:00:12","guid":{"rendered":"https:\/\/demo8.thuythu.com\/wepar\/?page_id=9866"},"modified":"2022-11-21T15:02:51","modified_gmt":"2022-11-21T08:02:51","slug":"chinh-sach-bao-hanh-doi-tra","status":"publish","type":"page","link":"https:\/\/demo8.thuythu.com\/wepar\/gioi-thieu\/chinh-sach-bao-hanh-doi-tra\/","title":{"rendered":"Ch\u00ednh S\u00e1ch B\u1ea3o H\u00e0nh &#8211; \u0110\u1ed5i Tr\u1ea3"},"content":{"rendered":"<p class=\"has-text-align-center\"><strong><span class=\"has-inline-color has-vivid-cyan-blue-color\">M\u00c1Y L\u1eccC N\u01af\u1edaC V\u00c0 C\u00c2Y N\u00d3NG L\u1ea0NH RO WEPAR<\/span><\/strong><\/p>\n<p><strong><span class=\"has-inline-color has-vivid-red-color\">A. CH\u00cdNH S\u00c1CH B\u1ea2O H\u00c0NH<\/span><\/strong><\/p>\n<p><strong>I. Th\u1eddi gian b\u1ea3o h\u00e0nh s\u1ea3n ph\u1ea9m:<\/strong><\/p>\n<p><em>1. \u0110\u1ed1i v\u1edbi linh ki\u1ec7n M\u00e1y l\u1ecdc n\u01b0\u1edbc:<\/em><\/p>\n<p>Th\u1eddi gian b\u1ea3o h\u00e0nh t\u00ednh t\u1eeb th\u1eddi \u0111i\u1ec3m mua m\u00e1y. B\u1ea3o h\u00e0nh linh ki\u1ec7n m\u1edbi theo m\u00e1y, linh ki\u1ec7n mua m\u1edbi:<\/p>\n<p>\u2013 Linh ki\u1ec7n thu\u1ed9c h\u1ec7 th\u1ed1ng ph\u1ea7n \u0111i\u1ec7n g\u1ed3m: adaptor, van \u0111i\u1ec7n t\u1eeb, van \u00e1p th\u1ea5p, van \u00e1p cao, b\u01a1m \u0111\u01b0\u1ee3c b\u1ea3o h\u00e0nh 12 th\u00e1ng.<\/p>\n<p>\u2013 Linh ki\u1ec7n: v\u00f2i c\u1ed5 ng\u1ed7ng m\u00e1y l\u1ecdc n\u01b0\u1edbc; b\u00ecnh \u00e1p, v\u1ecf ly l\u1ecdc, van flow b\u1ea3o h\u00e0nh 24 th\u00e1ng<\/p>\n<p>\u2013 Do \u0111\u1eb7c th\u00f9 ng\u00e0nh, m\u1ed9t s\u1ed1 linh ki\u1ec7n l\u00f5i l\u1ecdc ti\u00eau hao c\u1ea7n \u0111\u01b0\u1ee3c thay th\u1ebf \u0111\u1ecbnh k\u00ec n\u00ean s\u1ebd kh\u00f4ng \u0111\u01b0\u1ee3c b\u1ea3o h\u00e0nh nh\u01b0: b\u00f3ng \u0111\u00e8n UV, M\u00e0ng l\u1ecdc (RO, UF\u2026), l\u00f5i l\u1ecdc n\u01b0\u1edbc, v\u1eadt li\u1ec7u l\u1ecdc n\u01b0\u1edbc\u2026<\/p>\n<p><em>2. \u0110\u1ed1i v\u1edbi linh ki\u1ec7n C\u00e2y n\u01b0\u1edbc n\u00f3ng l\u1ea1nh:<\/em><\/p>\n<p>Th\u1eddi gian b\u1ea3o h\u00e0nh t\u00ednh t\u1eeb th\u1eddi \u0111i\u1ec3m mua m\u00e1y. B\u1ea3o h\u00e0nh linh ki\u1ec7n m\u1edbi theo m\u00e1y, linh ki\u1ec7n mua m\u1edbi:<\/p>\n<p>\u2013 Linh ki\u1ec7n thu\u1ed9c h\u1ec7 th\u1ed1ng ph\u1ea7n h\u1ec7 th\u1ed1ng l\u00e0m n\u00f3ng l\u1ea1nh (b\u00ecnh n\u00f3ng, b\u00ecnh l\u1ea1nh, \u0111i\u1ec7n tr\u1edf, bi\u1ebfn tr\u1edf, bi\u1ebfn \u0111i\u1ec1u ch\u1ec9nh nhi\u1ec7t \u0111\u1ed9, c\u00f4ng t\u1eafc n\u00f3ng l\u1ea1nh) \u0111\u01b0\u1ee3c b\u1ea3o h\u00e0nh 06 th\u00e1ng.<\/p>\n<p>\u2013 Linh ki\u1ec7n thu\u1ed9c h\u1ec7 th\u1ed1ng ph\u1ea7n \u0111i\u1ec7n (adaptor, van \u0111i\u1ec7n t\u1eeb, van \u00e1p th\u1ea5p, van \u00e1p cao,b\u01a1m, phao, m\u1ea1ch \u0111i\u1ec7n s\u00e1ng ngu\u1ed3n) \u0111\u01b0\u1ee3c b\u1ea3o h\u00e0nh 12 th\u00e1ng.<\/p>\n<p>\u2013 Linh ph\u1ee5 ki\u1ec7n nh\u01b0 v\u1ecf ly l\u1ecdc, v\u00f2i nh\u1ea5n l\u1ea5y n\u01b0\u1edbc \u0111\u01b0\u1ee3c b\u1ea3o h\u00e0nh 12 th\u00e1ng.<\/p>\n<p>\u2013 Do \u0111\u1eb7c th\u00f9 ng\u00e0nh, m\u1ed9t s\u1ed1 linh ki\u1ec7n l\u00f5i l\u1ecdc ti\u00eau hao c\u1ea7n \u0111\u01b0\u1ee3c thay th\u1ebf \u0111\u1ecbnh k\u00ec n\u00ean s\u1ebd kh\u00f4ng \u0111\u01b0\u1ee3c b\u1ea3o h\u00e0nh nh\u01b0: b\u00f3ng \u0111\u00e8n UV, M\u00e0ng l\u1ecdc (RO, UF\u2026), l\u00f5i l\u1ecdc n\u01b0\u1edbc, v\u1eadt li\u1ec7u l\u1ecdc n\u01b0\u1edbc\u2026<\/p>\n<p><strong>II. Ph\u1ea1m vi b\u1ea3o h\u00e0nh<\/strong><\/p>\n<p><em>1. \u0110\u1ecba \u0111i\u1ec3m b\u1ea3o h\u00e0nh:<\/em><\/p>\n<p>\u0110\u1ed1i v\u1edbi kh\u00e1ch l\u1ebb mua m\u00e1y gia \u0111\u00ecnh th\u01b0\u01a1ng hi\u1ec7u WEPAR: \u0111\u01b0\u1ee3c b\u1ea3o h\u00e0nh tr\u1ef1c ti\u1ebfp t\u1ea1i nh\u00e0, ch\u1ecbu tr\u00e1ch nhi\u1ec7m b\u1edfi \u0111\u1ea1i l\u00fd tr\u1ef1c thu\u1ed9c khu v\u1ef1c c\u1ee7a WEPAR.<\/p>\n<p>\u0110\u1ed1i v\u1edbi kh\u00e1ch h\u00e0ng l\u00e0 \u0111\u1ea1i l\u00fd c\u1ee7a WEPAR: \u0111\u01b0\u1ee3c b\u1ea3o h\u00e0nh khi mang linh ph\u1ee5 ki\u1ec7n \u0111\u1ebfn nh\u00e0 ph\u00e2n ph\u1ed1i \u1ee7y quy\u1ec1n t\u1ea1i khu v\u1ef1c c\u1ee7a c\u00f4ng ty ho\u1eb7c mang \u0111\u1ebfn T\u1ed5ng c\u00f4ng ty TNHH C\u00f4ng ngh\u1ec7 M\u00f4i tr\u01b0\u1eddng WEPAR t\u1ea1i \u0111\u1ecba ch\u1ec9: 304\/4\/5 \u0111\u01b0\u1eddng s\u1ed1 8, ph\u01b0\u1eddng B\u00ecnh H\u01b0ng H\u00f2a A, qu\u1eadn B\u00ecnh T\u00e2n, TP. HCM \u0111\u1ec3 \u00e1p d\u1ee5ng ch\u00ednh s\u00e1ch b\u1ea3o h\u00e0nh.<\/p>\n<p><em>2. Ph\u1ea1m vi b\u1ea3o h\u00e0nh:<\/em><\/p>\n<p>\u00c1p d\u1ee5ng cho to\u00e0n b\u1ed9 M\u00e1y l\u1ecdc n\u01b0\u1edbc v\u00e0 C\u00e2y n\u01b0\u1edbc n\u00f3ng l\u1ea1nh \u0111\u01b0\u1ee3c l\u1eafp r\u00e1p, s\u1ea3n xu\u1ea5t v\u00e0 ph\u00e2n ph\u1ed1i ch\u00ednh th\u1ee9c b\u1edfi C\u00f4ng ty TNHH C\u00f4ng ngh\u1ec7 M\u00f4i tr\u01b0\u1eddng WEPAR t\u1ea1i th\u1ecb tr\u01b0\u1eddng Vi\u1ec7t Nam.<\/p>\n<p><strong>III. \u0110i\u1ec1u ki\u1ec7n b\u1ea3o h\u00e0nh<\/strong><\/p>\n<p><em>1. B\u1ea3o h\u00e0nh mi\u1ec5n ph\u00ed:<\/em><\/p>\n<p>S\u1ea3n ph\u1ea9m \u0111\u01b0\u1ee3c ch\u1ea5p nh\u1eadn b\u1ea3o h\u00e0nh khi \u0111\u00e1p \u1ee9ng c\u00e1c \u0111i\u1ec1u ki\u1ec7n d\u01b0\u1edbi \u0111\u00e2y:<\/p>\n<p>\u2013 S\u1ea3n ph\u1ea9m \u0111\u01b0\u1ee3c s\u1ea3n xu\u1ea5t, gia c\u00f4ng, l\u1eafp r\u00e1p mang th\u01b0\u01a1ng hi\u1ec7u WEPAR v\u00e0 \u0111\u01b0\u1ee3c ph\u00e2n ph\u1ed1i t\u1ea1i th\u1ecb tr\u01b0\u1eddng Vi\u1ec7t Nam.<\/p>\n<p>\u2013 S\u1ea3n ph\u1ea9m c\u00f2n trong Th\u1eddi h\u1ea1n b\u1ea3o h\u00e0nh theo c\u00e1c quy \u0111\u1ecbnh v\u1ec1 th\u1eddi h\u1ea1n b\u1ea3o h\u00e0nh quy \u0111\u1ecbnh \u1edf m\u1ee5c I. TH\u1edcI GIAN B\u1ea2O H\u00c0NH S\u1ea2N PH\u1ea8M<\/p>\n<p>\u2013 Tem b\u1ea3o h\u00e0nh ph\u1ea3i c\u00f2n nguy\u00ean v\u1eb9n, s\u1ed1 m\u00e1y c\u00f2n nguy\u00ean d\u1ea1ng, kh\u00f4ng c\u00f3 d\u1ea5u hi\u1ec7u t\u1ea9y x\u00f3a, r\u00e1ch r\u1eddi.<\/p>\n<p>\u2013 S\u1ea3n ph\u1ea9m \u0111\u01b0\u1ee3c s\u1eed d\u1ee5ng \u0111\u00fang m\u1ee5c \u0111\u00edch, c\u00f4ng n\u0103ng v\u00e0 theo c\u00e1ch th\u1ee9c ph\u00f9 h\u1ee3p theo h\u01b0\u1edbng d\u1eabn, t\u01b0 v\u1ea5n c\u1ee7a Nh\u00e0 s\u1ea3n xu\u1ea5t.<\/p>\n<p>\u2013 Nh\u1eefng h\u01b0 h\u1ecfng, l\u1ed7i s\u1ea3n ph\u1ea9m \u0111\u01b0\u1ee3c \u0111\u00e1nh gi\u00e1, k\u1ebft lu\u1eadn l\u00e0 do h\u01b0 h\u1ecfng, l\u1ed7i linh ki\u1ec7n, l\u1ed7i k\u0129 thu\u1eadt t\u1eeb Nh\u00e0 s\u1ea3n xu\u1ea5t.<\/p>\n<p>\u2013 Xu\u1ea5t tr\u00ecnh phi\u1ebfu b\u1ea3o h\u00e0nh, \u0111\u1ea7y \u0111\u1ee7 th\u00f4ng tin: ki\u1ec3u m\u00e1y, s\u1ed1 serial, ng\u00e0y s\u1ea3n xu\u1ea5t, t\u00ean kh\u00e1ch h\u00e0ng s\u1eed d\u1ee5ng, s\u1ed1 \u0111i\u1ec7n tho\u1ea1i, \u0111\u1ecba ch\u1ec9, ng\u00e0y mua\u2026<\/p>\n<p>\u2013 S\u1ea3n ph\u1ea9m kh\u00f4ng thu\u1ed9c nh\u00f3m t\u1eeb ch\u1ed1i b\u1ea3o h\u00e0nh quy \u0111\u1ecbnh t\u1ea1i M\u1ee5c 2 d\u01b0\u1edbi \u0111\u00e2y.<\/p>\n<p><em>2. C\u00e1c tr\u01b0\u1eddng h\u1ee3p kh\u00f4ng \u0111\u01b0\u1ee3c b\u1ea3o h\u00e0nh, b\u1ea3o h\u00e0nh t\u00ednh ph\u00ed:<\/em><\/p>\n<p>S\u1ea3n ph\u1ea9m thu\u1ed9c m\u1ed9t trong nh\u1eefng \u0111i\u1ec1u ki\u1ec7n sau s\u1ebd b\u1ecb t\u1eeb ch\u1ed1i b\u1ea3o h\u00e0nh:<\/p>\n<p>\u2013 S\u1ea3n ph\u1ea9m h\u1ebft h\u1ea1n b\u1ea3o h\u00e0nh.<\/p>\n<p>\u2013 S\u1ea3n ph\u1ea9m kh\u00f4ng ph\u1ea3i h\u00e0ng ch\u00ednh h\u00e3ng do C\u00f4ng ty cung c\u1ea5p.<\/p>\n<p>\u2013 C\u00e1c linh ki\u1ec7n ti\u00eau hao nh\u01b0 m\u00e0ng l\u1ecdc, l\u00f5i l\u1ecdc; \u0111\u00e8n UV, linh ki\u1ec7n kh\u00e1c\u2026<\/p>\n<p>\u2013 S\u1ea3n ph\u1ea9m, linh ki\u1ec7n kh\u00f4ng n\u1eb1m trong ch\u00ednh s\u00e1ch b\u1ea3o h\u00e0nh.<\/p>\n<p>\u2013 S\u1ea3n ph\u1ea9m h\u1ecfng do l\u1eafp \u0111\u1eb7t, b\u1ea3o qu\u1ea3n, s\u1eed d\u1ee5ng sai m\u1ee5c \u0111\u00edch ho\u1eb7c kh\u00f4ng tu\u00e2n theo c\u00e1c h\u01b0\u1edbng d\u1eabn \u0111\u00ednh k\u00e8m theo s\u1ea3n ph\u1ea9m.<\/p>\n<p>\u2013 S\u1ea3n ph\u1ea9m h\u1ecfng do thi\u00ean tai, h\u1ecfa ho\u1ea1n, l\u1ee5t l\u1ed9i, s\u00e9t \u0111\u00e1nh, hao m\u00f2n do m\u00f4i tr\u01b0\u1eddng g\u00e2y ra \u2026<\/p>\n<p>\u2013 S\u1ea3n ph\u1ea9m b\u1ecb h\u1ecfng do c\u00f4n tr\u00f9ng x\u00e2m nh\u1eadp (chu\u1ed9t, gi\u00e1n, ki\u1ebfn, m\u1ed1i \u2026).<\/p>\n<p>\u2013 S\u1ea3n ph\u1ea9m b\u1ecb cong v\u00eanh, r\u1ea1n n\u1ee9t, b\u1ec3 v\u1ee1, h\u1ecfng do r\u01a1i, \u0111\u1ed5 trong qu\u00e1 tr\u00ecnh qua s\u1eed d\u1ee5ng ho\u1eb7c t\u1ef1 v\u1eadn chuy\u1ec3n.<\/p>\n<p>\u2013 S\u1ea3n ph\u1ea9m h\u1ecfng do ngu\u1ed3n \u0111i\u1ec7n kh\u00f4ng \u1ed5n \u0111\u1ecbnh, dao \u0111\u1ed9ng qu\u00e1 kh\u1ea3 n\u0103ng cho ph\u00e9p: 220V \u00b1 10V, ho\u1eb7c t\u1ef1 \u00fd thay th\u1ebf\/ thi\u1ebft k\u1ebf d\u00e2y ngu\u1ed3n kh\u00f4ng ph\u00f9 h\u1ee3p.<\/p>\n<p>\u2013 S\u1ea3n ph\u1ea9m h\u1ecfng do t\u1ef1 \u00fd s\u1eeda ch\u1eefa, thay \u0111\u1ed5i c\u1ea5u tr\u00fac s\u1ea3n ph\u1ea9m m\u00e0 kh\u00f4ng c\u00f3 s\u1ef1 cho ph\u00e9p ho\u1eb7c gi\u00e1m s\u00e1t b\u1edfi k\u0129 thu\u1eadt vi\u00ean c\u00f4ng ty.<\/p>\n<p>\u2013 S\u1ea3n ph\u1ea9m kh\u00f4ng c\u00f3 tem ni\u00eam phong, ho\u1eb7c b\u1ecb t\u1ea9y x\u00f3a, c\u00f3 d\u1ea5u hi\u1ec7u \u0111\u00e3 m\u1edf s\u1ea3n ph\u1ea9m trong l\u1ea7n b\u1ea3o h\u00e0nh \u0111\u1ea7u ti\u00ean.<\/p>\n<p>\u2013 B\u1ea5t c\u1ee9 h\u01b0 h\u1ecfng n\u00e0o li\u00ean quan \u0111\u1ebfn vi\u1ec7c s\u1eed d\u1ee5ng linh ph\u1ee5 ki\u1ec7n kh\u00f4ng ch\u00ednh h\u00e3ng WEPAR nh\u01b0 l\u00f5i l\u1ecdc, m\u00e0ng l\u1ecdc\u2026<\/p>\n<p>\u2013 R\u1ec9 s\u00e9t, b\u1ea1c m\u00e0u t\u1ef1 nhi\u00ean, hao m\u00f2n t\u1ef1 nhi\u00ean c\u1ee7a c\u00e1c linh ki\u1ec7n theo th\u1eddi gian s\u1eed d\u1ee5ng.<\/p>\n<p><strong><span class=\"has-inline-color has-vivid-red-color\">B. CH\u00cdNH S\u00c1CH \u0110\u1ed4I TR\u1ea2<\/span><\/strong><\/p>\n<p><strong>I. QUY \u0110\u1ecaNH \u0110\u1ed4I TR\u1ea2 S\u1ea2N PH\u1ea8M<\/strong><\/p>\n<p><em>1. \u0110\u1ed1i v\u1edbi s\u1ea3n ph\u1ea9m ch\u01b0a qua s\u1eed d\u1ee5ng:<\/em><\/p>\n<p>Qu\u00fd kh\u00e1ch \u0111\u01b0\u1ee3c \u0111\u1ed5i s\u1ea3n ph\u1ea9m sang model kh\u00e1c n\u1ebfu s\u1ea3n ph\u1ea9m ch\u01b0a l\u1eafp \u0111\u1eb7t, ch\u01b0a qua s\u1eed d\u1ee5ng v\u00e0 \u0111\u01b0\u1ee3c ki\u1ec3m tra x\u00e1c nh\u1eadn b\u1edfi k\u0129 thu\u1eadt vi\u00ean H\u00e3ng. S\u1ea3n ph\u1ea9m m\u1edbi ph\u1ea3i c\u00f3 gi\u00e1 tr\u1ecb b\u1eb1ng ho\u1eb7c cao h\u01a1n gi\u00e1 tr\u1ecb s\u1ea3n ph\u1ea9m \u0111\u1ed5i.<\/p>\n<p>Th\u1eddi gian \u00e1p d\u1ee5ng \u0111\u1ed5i s\u1ea3n ph\u1ea9m: <strong>Trong 03 ng\u00e0y k\u1ec3 t\u1eeb ng\u00e0y mua<\/strong>. C\u00f3 \u0111\u00ednh k\u00e8m h\u00f3a \u0111\u01a1n, phi\u1ebfu b\u1ea3o h\u00e0nh, th\u00f4ng tin mua h\u00e0ng\u2026 t\u00ecnh tr\u1ea1ng s\u1ea3n ph\u1ea9m nh\u01b0 ban \u0111\u1ea7u. Trong tr\u01b0\u1eddng h\u1ee3p s\u1ea3n ph\u1ea9m kh\u00f4ng c\u00f2n nguy\u00ean v\u1eb9n nh\u01b0 l\u00fac ban \u0111\u1ea7u, c\u00f3 kh\u1ea3 n\u0103ng kh\u00f4ng nh\u1eadn \u0111\u1ed5i tr\u1ea3 ho\u1eb7c kh\u1ea5u tr\u1eeb chi ph\u00ed t\u00f9y theo m\u1ee9c \u0111\u1ed9 th\u1ef1c t\u1ebf<\/p>\n<p><em>2. \u0110\u1ed1i v\u1edbi s\u1ea3n ph\u1ea9m \u0111\u00e3 qua s\u1eed d\u1ee5ng:<\/em><\/p>\n<p>Qu\u00fd kh\u00e1ch h\u00e0ng \u0111\u01b0\u1ee3c h\u1ed7 tr\u1ee3 \u0111\u1ed5i s\u1ea3n ph\u1ea9m c\u00f9ng lo\u1ea1i khi g\u1eb7p s\u1ef1 c\u1ed1 kh\u00f4ng th\u1ec3 kh\u1eafc ph\u1ee5c \u0111\u01b0\u1ee3c (do l\u1ed7i k\u1ef9 thu\u1eadt t\u1eeb Nh\u00e0 s\u1ea3n xu\u1ea5t). S\u1ea3n ph\u1ea9m ch\u1ec9 \u0111\u01b0\u1ee3c \u0111\u1ed5i sau khi \u0111\u00e3 c\u00f3 x\u00e1c nh\u1eadn t\u1eeb k\u0129 thu\u1eadt vi\u00ean c\u1ee7a H\u00e3ng v\u00e0 tu\u00e2n th\u1ee7 c\u00e1c \u0111i\u1ec1u ki\u1ec7n sau:<\/p>\n<p>\u2013 S\u1ea3n ph\u1ea9m \u0111\u01b0\u1ee3c x\u00e1c \u0111\u1ecbnh l\u00e0 ch\u00ednh h\u00e3ng WEPAR (C\u00f3 c\u0103n c\u1ee9 h\u00f3a \u0111\u01a1n mua h\u00e0ng; tem nh\u1eadn di\u1ec7n v\u00e0 c\u00f3 phi\u1ebfu b\u1ea3o h\u00e0nh).<\/p>\n<p>\u2013 S\u1ea3n ph\u1ea9m c\u00f2n nguy\u00ean tem ni\u00eam phong,tem b\u1ea3o h\u00e0nh c\u1ee7a nh\u00e0 s\u1ea3n xu\u1ea5t v\u00e0 \u0111\u1ea7y \u0111\u1ee7 linh ph\u1ee5 ki\u1ec7n, phi\u1ebfu b\u1ea3o h\u00e0nh\u2026 nh\u01b0 ban \u0111\u1ea7u.<\/p>\n<p>\u2013 H\u00e0ng h\u00f3a nh\u1eadn l\u1ea1i kh\u00f4ng c\u00f3 l\u1ed7i v\u1ec1 h\u00ecnh th\u1ee9c (m\u00f3p m\u00e9o, tr\u1ea7y x\u01b0\u1edbc, \u1ed1 m\u00e0u, v\u1ee1\u2026).<\/p>\n<p>\u2013 V\u1eadt t\u01b0 ti\u00eau hao trong m\u00e1y nh\u01b0 m\u00e0ng l\u1ecdc, l\u00f5i l\u1ecdc\u2026 kh\u00f4ng \u0111\u01b0\u1ee3c \u0111\u1ed5i m\u1edbi.<\/p>\n<p>Th\u1eddi gian \u00e1p d\u1ee5ng \u0111\u1ed5i s\u1ea3n ph\u1ea9m: <strong>Trong 01 ng\u00e0y k\u1ec3 t\u1eeb ng\u00e0y mua.<\/strong> C\u00f3 \u0111\u00ednh k\u00e8m h\u00f3a \u0111\u01a1n, phi\u1ebfu b\u1ea3o h\u00e0nh, th\u00f4ng tin mua \u00e0ng\u2026 nh\u01b0 ban \u0111\u1ea7u.<\/p>\n<p><em>3. Tr\u01b0\u1eddng h\u1ee3p kh\u00f4ng ch\u1ea5p nh\u1eadn \u0111\u1ed5i tr\u1ea3:<\/em><\/p>\n<p>\u2013 Qu\u00e1 th\u1eddi gian \u0111\u1ed5i tr\u1ea3 s\u1ea3n ph\u1ea9m quy \u0111\u1ecbnh t\u1ea1i m\u1ee5c QUY \u0110\u1ecaNH \u0110\u1ed4I TR\u1ea2 S\u1ea2N PH\u1ea8M.<\/p>\n<p>\u2013 Qu\u00fd kh\u00e1ch h\u00e0ng mu\u1ed1n thay \u0111\u1ed5i ch\u1ee7ng lo\u1ea1i m\u00e1y kh\u00f4ng b\u00e1o tr\u01b0\u1edbc.<\/p>\n<p>\u2013 Qu\u00fd kh\u00e1ch h\u00e0ng s\u1eed d\u1ee5ng,v\u1eadn h\u00e0nh kh\u00f4ng \u0111\u00fang h\u01b0\u1edbng d\u1eabn Nh\u00e0 s\u1ea3n xu\u1ea5t g\u00e2y h\u1ecfng h\u00f3c s\u1ea3n ph\u1ea9m.<\/p>\n<p>\u2013 Qu\u00fd kh\u00e1ch h\u00e0ng kh\u00f4ng th\u1ef1c hi\u1ec7n c\u00e1c quy \u0111\u1ecbnh theo y\u00eau c\u1ea7u c\u1ee7a \u0110I\u1ec0U KI\u1ec6N B\u1ea2O H\u00c0NH.<\/p>\n<p>\u2013 Qu\u00fd kh\u00e1ch h\u00e0ng t\u1ef1 g\u00e2y h\u01b0 h\u1ecfng b\u00ean ngo\u00e0i nh\u01b0 bong tr\u00f3c, b\u1ec3 v\u1ee1, thay \u0111\u1ed5i h\u00ecnh d\u00e1ng, c\u1ea5u tr\u00fac nguy\u00ean l\u00fd ho\u1ea1t \u0111\u1ed9ng c\u1ee7a s\u1ea3n ph\u1ea9m\u2026<\/p>\n<p>\u2013 S\u1ea3n ph\u1ea9m \u0111\u00e3 ng\u1ea5m n\u01b0\u1edbc (qua s\u1eed d\u1ee5ng)<\/p>\n<p>\u2013 H\u00e0ng h\u00f3a \u0111\u00e3 \u0111\u01b0\u1ee3c kh\u00e1ch h\u00e0ng k\u00fd x\u00e1c nh\u1eadn t\u00ecnh tr\u1ea1ng khi giao h\u00e0ng, nh\u01b0ng sau \u0111\u00f3 l\u1ea1i y\u00eau c\u1ea7u \u0111\u1ed5i tr\u1ea3 h\u00e0ng v\u1edbi l\u00fd do sai ph\u1ea1m h\u00ecnh th\u1ee9c: Tr\u1ea7y x\u01b0\u1edbc, \u1ed1 v\u00e0ng, m\u00f3p m\u00e9o\u2026<\/p>\n<p><strong><em>*L\u01b0u \u00fd v\u1ec1 quy \u0111\u1ecbnh \u0111\u1ed5i tr\u1ea3 s\u1ea3n ph\u1ea9m:<\/em><\/strong><\/p>\n<p>\u2013 S\u1ea3n ph\u1ea9m n\u1eb1m trong th\u1eddi h\u1ea1n b\u1ea3o h\u00e0nh \u0111\u01b0\u1ee3c quy \u0111\u1ecbnh t\u1ea1i m\u1ee5c TH\u1edcI H\u1ea0N B\u1ea2O H\u00c0NH S\u1ea2N PH\u1ea8M v\u00e0 th\u1ecfa m\u00e3n \u0111i\u1ec1u ki\u1ec7n b\u1ea3o h\u00e0nh mi\u1ec5n ph\u00ed \u0111\u01b0\u1ee3c quy \u0111\u1ecbnh t\u1ea1i m\u1ee5c \u0110I\u1ec0U KI\u1ec6N B\u1ea2O H\u00c0NH<\/p>\n<p>\u2013 S\u1ea3n ph\u1ea9m \u0111\u01b0\u1ee3c \u0111\u1ed5i tr\u1ea3 l\u00e0 s\u1ea3n ph\u1ea9m c\u00f9ng lo\u1ea1i c\u00f3 t\u00ednh n\u0103ng, gi\u00e1 tr\u1ecb t\u01b0\u01a1ng \u0111\u01b0\u01a1ng ho\u1eb7c h\u01a1n.<\/p>\n<p>\u2013 T\u00f9y t\u00ecnh h\u00ecnh th\u1ef1c th\u1ebf, WEPAR v\u00e0 kh\u00e1ch h\u00e0ng s\u1ebd th\u1ecfa thu\u1eadn v\u1ec1 gi\u00e1 tr\u1ecb c\u00f2n l\u1ea1i c\u1ee7a s\u1ea3n ph\u1ea9m \u0111\u1ec3 l\u00e0m c\u0103n c\u1ee9 \u0111\u1ed5i s\u1ea3n ph\u1ea9m m\u1edbi ho\u1eb7c \u0111\u1ed5i s\u1ea3n ph\u1ea9m t\u01b0\u01a1ng \u0111\u01b0\u01a1ng.<\/p>\n<p>\u2013 Trong tr\u01b0\u1eddng h\u1ee3p \u0111\u1ed5i m\u1edbi s\u1ea3n ph\u1ea9m, c\u00e1c b\u00ean s\u1ebd th\u1ed1ng nh\u1ea5t s\u1ed1 ti\u1ec1n ch\u00eanh l\u1ec7ch gi\u1eefa gi\u00e1 tr\u1ecb s\u1ea3n ph\u1ea9m m\u1edbi s\u1ebd thay th\u1ebf v\u00e0 s\u1ea3n ph\u1ea9m b\u1ecb thay th\u1ebf, \u0111\u1ec3 th\u1ed1ng nh\u1ea5t s\u1ed1 ti\u1ec1n m\u00e0 m\u1ed9t b\u00ean c\u1ea7n thanh to\u00e1n l\u1ea1i cho b\u00ean kia t\u1ea1i th\u1eddi \u0111i\u1ec3m \u0111\u1ed5i s\u1ea3n ph\u1ea9m.<\/p>\n<p><strong><span class=\"has-inline-color has-vivid-red-color\">C. CH\u00cdNH S\u00c1CH B\u1ea2O H\u00c0NH \u2013 \u0110\u1ed4I TR\u1ea2 LI\u00caN QUAN<\/span><\/strong><\/p>\n<p>WEPAR kh\u00f4ng nh\u1eefng cung c\u1ea5p v\u00e0 ph\u00e2n ph\u1ed1i c\u00e1c d\u00f2ng m\u00e1y l\u1ecdc n\u01b0\u1edbc gia \u0111\u00ecnh, c\u00e2y m\u00e1y n\u00f3ng l\u1ea1nh. M\u00e0 c\u00f2n chuy\u00ean ph\u00e2n ph\u1ed1i c\u00e1c m\u1eb7t h\u00e0ng v\u00e0 s\u1ea3n ph\u1ea9m ng\u00e0nh x\u1eed l\u00fd n\u01b0\u1edbc quy m\u00f4, c\u00f4ng su\u1ea5t l\u1edbn nh\u01b0:<\/p>\n<p>\u2013\u00a0 \u00a0 \u00a0 \u00a0 \u00a0 H\u1ec7 th\u1ed1ng l\u1ecdc n\u01b0\u1edbc RO c\u00f4ng nghi\u1ec7p.<\/p>\n<p>\u2013\u00a0 \u00a0 \u00a0 \u00a0 \u00a0 Thi\u1ebft b\u1ecb l\u1ecdc t\u1ed5ng \u0111\u1ea7u ngu\u1ed3n sinh ho\u1ea1t, l\u1ecdc ph\u00e8n, l\u1ecdc n\u01b0\u1edbc \u0111\u1ed9 c\u1ee9ng, n\u01b0\u1edbc h\u00f4i, c\u00e1t, b\u00f9n, \u00f4 nhi\u1ec5m\u2026<\/p>\n<p>\u2013\u00a0 \u00a0 \u00a0 \u00a0 \u00a0 M\u00e1y l\u1ecdc n\u01b0\u1edbc k\u1ebft h\u1ee3p v\u1edbi l\u1ecdc n\u01b0\u1edbc n\u00f3ng l\u1ea1nh c\u00f4ng su\u1ea5t l\u1edbn.<\/p>\n<p>\u2013\u00a0 \u00a0 \u00a0 \u00a0 \u00a0 D\u00e2y chuy\u1ec1n l\u1ecdc n\u01b0\u1edbc \u0111\u00f3ng b\u00ecnh \u0111\u00f3ng chai, d\u00e2y chuy\u1ec1n l\u1ecdc n\u01b0\u1edbc tinh khi\u1ebft (d\u00f9ng trong s\u1ea3n xu\u1ea5t, r\u1eeda d\u1ee5ng c\u1ee5 y khoa,\u2026)<\/p>\n<p>\u2013\u00a0 \u00a0 \u00a0 \u00a0 \u00a0 Thi\u1ebft b\u1ecb, linh ph\u1ee5 ki\u1ec7n ng\u00e0nh n\u01b0\u1edbc; V\u1eadt li\u1ec7u l\u1ecdc n\u01b0\u1edbc\u2026.<\/p>\n<p>&gt;&gt; Xem th\u00eam CH\u00cdNH S\u00c1CH B\u1ea2O H\u00c0NH \u2013 \u0110\u1ed4I TR\u1ea2 cho c\u00e1c h\u1ec7 th\u1ed1ng l\u1ecdc&amp; x\u1eed l\u00fd n\u01b0\u1edbc RO c\u00f4ng nghi\u1ec7p t\u1ea1i: <a href=\"https:\/\/demo8.thuythu.com\/wepar\/chinh-sach-bao-hanh-doi-tra\/\">https:\/\/demo8.thuythu.com\/wepar\/chinh-sach-bao-hanh-doi-tra\/<\/a><\/p>\n<p><span class=\"has-inline-color has-vivid-red-color\"><strong>D.<\/strong> <strong>CAM K\u1ebeT<\/strong><\/span><\/p>\n<p>\u2013\u00a0 \u00a0 \u00a0 \u00a0 \u00a0 S\u1ef1 h\u00e0i l\u00f2ng c\u1ee7a kh\u00e1ch h\u00e0ng ch\u00ednh l\u00e0 \u0111\u1ed9ng l\u1ef1c cho ch\u00fang t\u00f4i l\u00e0m vi\u1ec7c.<\/p>\n<p>\u2013\u00a0 \u00a0 \u00a0 \u00a0 \u00a0 L\u00e0m vi\u1ec7c v\u1edbi c\u1ea3 t\u00e2m huy\u1ebft v\u00e0 t\u1ea5m l\u00f2ng.<\/p>\n<p>\u2013\u00a0 \u00a0 \u00a0 \u00a0 \u00a0 Lu\u00f4n l\u00e0m vi\u1ec7c m\u1ed9t c\u00e1ch t\u00e2m huy\u1ebft v\u00e0 nhi\u1ec7t t\u00ecnh.<\/p>\n<p>\u2013\u00a0 \u00a0 \u00a0 \u00a0 \u00a0 B\u1ea3o h\u00e0nh trong th\u1eddi gian nh\u1eafn nh\u1ea5t c\u00f3 th\u1ec3.<\/p>\n<p>\u2013\u00a0 \u00a0 \u00a0 \u00a0 \u00a0 L\u00e0m vi\u1ec7c cho \u0111\u1ebfn khi kh\u00e1ch h\u00e0ng c\u1ea3m th\u1ea5y h\u00e0i l\u00f2ng.<\/p>\n<p>\u2013\u00a0 \u00a0 \u00a0 \u00a0 \u00a0 Lu\u00f4n cung c\u1ea5p c\u00e1c s\u1ea3n ph\u1ea9m v\u1edbi ch\u1ea5t l\u01b0\u1ee3ng cao.<\/p>\n<p>\u2013\u00a0 \u00a0 \u00a0 \u00a0 \u00a0 C\u00e1c k\u1ef9 s\u01b0 t\u1ea1i Wepar l\u00e0 nh\u1eefng ng\u01b0\u1eddi c\u00f3 ki\u1ebfn th\u1ee9c chuy\u00ean m\u00f4n v\u1eefng ch\u1eafc, kinh nghi\u1ec7m l\u00e0m vi\u1ec7c d\u00e0y d\u1eb7n.<\/p>\n<p><strong><span class=\"has-inline-color has-vivid-red-color\">E. TH\u00d4NG TIN LI\u00caN H\u1ec6<\/span><\/strong><\/p>\n<p><img loading=\"lazy\" decoding=\"async\" class=\"alignnone size-full wp-image-6421 aligncenter\" src=\"http:\/\/maylocnuocwepar.vn\/wp-content\/uploads\/2019\/01\/ok.gif\" alt=\"\" width=\"125\" height=\"70\" \/><\/p>\n<div id=\"custom_post_widget-6630\" class=\"content_block\"><\/div>\n","protected":false},"excerpt":{"rendered":"<p>M\u00c1Y L\u1eccC N\u01af\u1edaC V\u00c0 C\u00c2Y N\u00d3NG L\u1ea0NH RO WEPAR A. CH\u00cdNH S\u00c1CH B\u1ea2O H\u00c0NH I. Th\u1eddi gian b\u1ea3o h\u00e0nh s\u1ea3n ph\u1ea9m: 1. \u0110\u1ed1i v\u1edbi linh ki\u1ec7n M\u00e1y l\u1ecdc n\u01b0\u1edbc: Th\u1eddi gian b\u1ea3o h\u00e0nh t\u00ednh t\u1eeb th\u1eddi \u0111i\u1ec3m mua m\u00e1y. B\u1ea3o h\u00e0nh linh ki\u1ec7n m\u1edbi theo m\u00e1y, linh ki\u1ec7n mua m\u1edbi: \u2013 Linh ki\u1ec7n thu\u1ed9c h\u1ec7 [&hellip;]<\/p>\n","protected":false},"author":2,"featured_media":9654,"parent":140,"menu_order":0,"comment_status":"closed","ping_status":"closed","template":"","meta":{"_acf_changed":false,"footnotes":""},"acf":[],"_links":{"self":[{"href":"https:\/\/demo8.thuythu.com\/wepar\/wp-json\/wp\/v2\/pages\/9866"}],"collection":[{"href":"https:\/\/demo8.thuythu.com\/wepar\/wp-json\/wp\/v2\/pages"}],"about":[{"href":"https:\/\/demo8.thuythu.com\/wepar\/wp-json\/wp\/v2\/types\/page"}],"author":[{"embeddable":true,"href":"https:\/\/demo8.thuythu.com\/wepar\/wp-json\/wp\/v2\/users\/2"}],"replies":[{"embeddable":true,"href":"https:\/\/demo8.thuythu.com\/wepar\/wp-json\/wp\/v2\/comments?post=9866"}],"version-history":[{"count":0,"href":"https:\/\/demo8.thuythu.com\/wepar\/wp-json\/wp\/v2\/pages\/9866\/revisions"}],"up":[{"embeddable":true,"href":"https:\/\/demo8.thuythu.com\/wepar\/wp-json\/wp\/v2\/pages\/140"}],"wp:featuredmedia":[{"embeddable":true,"href":"https:\/\/demo8.thuythu.com\/wepar\/wp-json\/wp\/v2\/media\/9654"}],"wp:attachment":[{"href":"https:\/\/demo8.thuythu.com\/wepar\/wp-json\/wp\/v2\/media?parent=9866"}],"curies":[{"name":"wp","href":"https:\/\/api.w.org\/{rel}","templated":true}]}}